{"id":109,"date":"2025-06-12T13:40:24","date_gmt":"2025-06-12T13:40:24","guid":{"rendered":"https:\/\/programmering.gtg.se\/william.olsmo\/?page_id=109"},"modified":"2025-06-13T09:25:24","modified_gmt":"2025-06-13T09:25:24","slug":"internets-historia","status":"publish","type":"page","link":"https:\/\/programmering.gtg.se\/william.olsmo\/index.php\/internets-historia\/","title":{"rendered":"Internets historia"},"content":{"rendered":"\n<p>Beroende p\u00e5 vem du fr\u00e5gar s\u00e5 kan internets historia b\u00f6rja vid antingen 1962 eller som vissa p\u00e5st\u00e5r 1983. F\u00f6r at d\u00e5 1962 s\u00e5 kom Joseph Licklider p\u00e5 en teori om ett \u201dintergalaktiskt n\u00e4tverk\u201d. Tanken var att man ville skapa en uppkoppling som sovjet inte kunde st\u00e4nga av. Medan 1983 s\u00e5 gick Arpanet fr\u00e5n env\u00e4gs till tv\u00e5v\u00e4gskommunikation, men vi kommer b\u00f6rja fr\u00e5n 1962.<\/p>\n\n\n\n<hr class=\"wp-block-separator has-alpha-channel-opacity\"\/>\n\n\n\n<h2 class=\"wp-block-heading\">B\u00f6rjan:<\/h2>\n\n\n\n<p>Som tidigare sagt s\u00e5 kan man s\u00e4ga att internet b\u00f6rjar 1962 d\u00e5 Joseph Licklider kommer p\u00e5 id\u00e9n om ett \u201d intergalaktiskt n\u00e4tverk\u201d. 1969 s\u00e5 skickas det f\u00f6rsta \u201dE-mejlet\u201d men datorerna kraschar efter tv\u00e5 bokst\u00e4ver, trots detta s\u00e5 \u00e4r det en historisk milstolpe d\u00e5 datorer b\u00f6rjar \u201dprata med varandra\u201d.1971 f\u00e5r man det f\u00f6rsta riktiga e-mejlet, men det \u00e4r f\u00f6rst 1973 som ordet internet b\u00f6rjar att anv\u00e4ndas samtidig som n\u00e4tet blir internationellt.<\/p>\n\n\n\n<figure class=\"wp-block-image size-full wp-duotone-unset-1\"><img loading=\"lazy\" decoding=\"async\" width=\"640\" height=\"173\" src=\"https:\/\/programmering.gtg.se\/william.olsmo\/wp-content\/uploads\/2025\/06\/tids-linje.png\" alt=\"\" class=\"wp-image-71\"\/><\/figure>\n\n\n\n<hr class=\"wp-block-separator has-alpha-channel-opacity\"\/>\n\n\n\n<h2 class=\"wp-block-heading\">F\u00f6ds p\u00e5 nytt<\/h2>\n\n\n\n<p>1983 som tidigare sagt kan \u00e4ven ses som f\u00f6delsen av internet d\u00e5 Arpanet g\u00e5r \u00f6ver till tv\u00e5v\u00e4gs kommunikation. Vid denna tidpunkt fungerar internet som om du skulle skicka ett brev d\u00e5 meddelandena skickas utan n\u00e5gon kontroll, detta g\u00e5r d\u00e5 snabbt men utan garanti f\u00f6r att inneh\u00e5llet kommer fram. Men under 80-talet s\u00e5 sker \u00e4ven \u201dSlaget om internet\u201d d\u00e5 televerken i Europa f\u00f6redrar x.25-systemet som till skillnad fr\u00e5n Arpanet \u00e4r s\u00e4kert samt att det l\u00e5ter myndigheterna ta betalt f\u00f6r tele trafiken.<\/p>\n\n\n\n<hr class=\"wp-block-separator has-alpha-channel-opacity\"\/>\n\n\n\n<h2 class=\"wp-block-heading\">Internet till Sverige<\/h2>\n\n\n\n<div class=\"wp-block-group is-layout-grid wp-container-core-group-is-layout-478b6e6b wp-block-group-is-layout-grid\">\n<p>1984 s\u00e5 kommer f\u00f6r f\u00f6rsta g\u00e5ngen en direkt koppling i sverige till internet genom att Ulf Bilting p\u00e5 Chalmers i G\u00f6teborg kopplar en dator till internet. P\u00e5 1980 talet s\u00e5 handlar internet uppkopling fr\u00e4mst om universitet f\u00f6r forskare och studenter till kommunikation mellan universitet.<\/p>\n\n\n\n<figure class=\"wp-block-image size-full\"><img loading=\"lazy\" decoding=\"async\" width=\"640\" height=\"853\" src=\"https:\/\/programmering.gtg.se\/william.olsmo\/wp-content\/uploads\/2025\/06\/internet-koppling.jpg\" alt=\"\" class=\"wp-image-81\" srcset=\"https:\/\/programmering.gtg.se\/william.olsmo\/wp-content\/uploads\/2025\/06\/internet-koppling.jpg 640w, https:\/\/programmering.gtg.se\/william.olsmo\/wp-content\/uploads\/2025\/06\/internet-koppling-225x300.jpg 225w\" sizes=\"auto, (max-width: 640px) 100vw, 640px\" \/><\/figure>\n<\/div>\n\n\n\n<p>Och 1988 s\u00e5 f\u00e5r de nordiska universiteten anslutning till New York vilket d\u00e5 ger de nordiska instituten tillg\u00e5ng till det internationella internet p\u00e5 riktigt. Men den vanlige svensken har inte tillg\u00e5ng till dessa revolutionerande maskiner, de f\u00e5r helt enkelt n\u00f6ja sig medtelefoner som kopplade till datorer f\u00f6r att d\u00e5 uppr\u00e4tth\u00e5lla samtalet och dessa datorer kunde d\u00e5 endast klara ett samtal \u00e5t g\u00e5ngen.<\/p>\n\n\n\n<figure class=\"wp-block-image size-full is-resized wp-duotone-unset-2\"><img loading=\"lazy\" decoding=\"async\" width=\"640\" height=\"568\" src=\"https:\/\/programmering.gtg.se\/william.olsmo\/wp-content\/uploads\/2025\/06\/Early_internet_cropped.png\" alt=\"\" class=\"wp-image-82\" style=\"width:293px;height:auto\" srcset=\"https:\/\/programmering.gtg.se\/william.olsmo\/wp-content\/uploads\/2025\/06\/Early_internet_cropped.png 640w, https:\/\/programmering.gtg.se\/william.olsmo\/wp-content\/uploads\/2025\/06\/Early_internet_cropped-300x266.png 300w\" sizes=\"auto, (max-width: 640px) 100vw, 640px\" \/><\/figure>\n\n\n\n<hr class=\"wp-block-separator has-alpha-channel-opacity\"\/>\n\n\n\n<h2 class=\"wp-block-heading\">WWW kommer p\u00e5 riktigt<\/h2>\n\n\n\n<p>World Wide Web eller webben p\u00e5 svenska blir verklighet \u00e5r 1989 n\u00e4r Tim Berners-Lee skaparsystemet med adresser, URl:er , osv sitter nu ihop som samtidigt \u00e4r fritt och gratis att anv\u00e4nda. Den f\u00f6rsta webbplatsen lanseras 1991 av CERN forskningscentret i Schweiz. Redan 1992 s\u00e5 kommer internet till Sveriges f\u00f6retag och privat personer och samtidigt s\u00e5 p\u00e5g\u00e5r en kamp mellan WWW och ett liknande system Gopher som sedan f\u00f6rlorar mot WWW 1993 d\u00e5 webbl\u00e4saren Mosaic lanseras som d\u00e5 kan l\u00e4sa bilder.<\/p>\n\n\n\n<hr class=\"wp-block-separator has-alpha-channel-opacity\"\/>\n\n\n\n<h2 class=\"wp-block-heading\">Sveriges internet \u00e5r<\/h2>\n\n\n\n<div class=\"wp-block-group is-layout-grid wp-container-core-group-is-layout-478b6e6b wp-block-group-is-layout-grid\">\n<p>1994 blir ett riktigt internet \u00e5r f\u00f6r Sverige f\u00f6r att vi f\u00e5r h\u00e4ndelser som Carl Bildt mejlar Bill Clinton, staten satsar miljarder i den nya KK-stiftelsen, IT-kommissionen bildas,<\/p>\n\n\n\n<figure class=\"wp-block-image size-full wp-container-content-69bc4bdf wp-duotone-grayscale\"><img loading=\"lazy\" decoding=\"async\" width=\"640\" height=\"480\" src=\"https:\/\/programmering.gtg.se\/william.olsmo\/wp-content\/uploads\/2025\/06\/old-pc2.jpg\" alt=\"\" class=\"wp-image-80\" srcset=\"https:\/\/programmering.gtg.se\/william.olsmo\/wp-content\/uploads\/2025\/06\/old-pc2.jpg 640w, https:\/\/programmering.gtg.se\/william.olsmo\/wp-content\/uploads\/2025\/06\/old-pc2-300x225.jpg 300w\" sizes=\"auto, (max-width: 640px) 100vw, 640px\" \/><\/figure>\n<\/div>\n\n\n\n<p>valresultaten skickas f\u00f6r f\u00f6rsta g\u00e5ngen ut via e-post, m\u00e5nga tidningar skaffar hemsidor osv. Samma \u00e5r s\u00e5 skapar \u00e4ven Ragnar L\u00f6nn internet leverant\u00f6ren Algonet eller \u00c4lg\u00f6n\u00e4t, som d\u00e5 riktar sig mot privat personer f\u00f6r att f\u00e5 dem att b\u00f6rja surfa p\u00e5 internet.<\/p>\n\n\n\n<hr class=\"wp-block-separator has-alpha-channel-opacity\"\/>\n\n\n\n<h2 class=\"wp-block-heading\">Hemsidor blir allt vanligare<\/h2>\n\n\n\n<p>Nu b\u00f6rjar vart enda f\u00f6reta vilja ha en hemsida samt att alla f\u00f6retagsledare ska ha en @-adress p\u00e5 sina visitkort. 1995 dras en ny kabel till Sverige vilket d\u00e5 \u00f6kar \u00f6verf\u00f6ringshastigheten avsev\u00e4rt fr\u00e5n 6 Mbit\/s till 34 Mbit\/s. Fr\u00e5n Kalifornien s\u00e5 f\u00e5r vi \u00e4ven en ny s\u00f6kmotor som heter AltaVista som g\u00f6r det enklare att hitta p\u00e5 webben som dominerar som s\u00f6kmotor under flera \u00e5r. 1998 Best\u00e4mmer den svenska regeringen att den som skaffar en persondator till hemmet kan f\u00e5 avdrag f\u00f6r det (Hem-PC-reformen) som d\u00e5 inneb\u00e4r en revolution f\u00f6r datorf\u00f6rs\u00e4ljning. Med detta s\u00e5 blir det \u00e4ven vanligare f\u00f6r svenskar att sj\u00e4lva skapa sina egna hemsidor.<\/p>\n\n\n\n<figure class=\"wp-block-image size-full is-resized wp-duotone-unset-3\"><img loading=\"lazy\" decoding=\"async\" width=\"640\" height=\"336\" src=\"https:\/\/programmering.gtg.se\/william.olsmo\/wp-content\/uploads\/2025\/06\/web-example.png\" alt=\"\" class=\"wp-image-84\" style=\"width:304px;height:auto\" srcset=\"https:\/\/programmering.gtg.se\/william.olsmo\/wp-content\/uploads\/2025\/06\/web-example.png 640w, https:\/\/programmering.gtg.se\/william.olsmo\/wp-content\/uploads\/2025\/06\/web-example-300x158.png 300w\" sizes=\"auto, (max-width: 640px) 100vw, 640px\" \/><\/figure>\n\n\n\n<hr class=\"wp-block-separator has-alpha-channel-opacity\"\/>\n\n\n\n<h2 class=\"wp-block-heading\">\u201dIt-bubblan\u201d<\/h2>\n\n\n\n<p>Framtidsvisionerna \u00e4r stora f\u00f6r internet vilket leder sm\u00e5 sparare till stora riskkapitalister till att investera i internetbolagen den s\u00e5 kallade It-bubblan. 1999 grundas bredbandsbolaget som d\u00e5 annonserar att 350&nbsp;000 bost\u00e4der ska kopplas upp med bredband, s\u00e5 nu ska surfandet bli blixtsnabbt. F\u00f6r denna satsning s\u00e5 f\u00e5r oftast Jonas Birgersson \u00e4ven kallad \u201dBredbandsjesus\u201d ber\u00f6m f\u00f6r d\u00e5 han tidigare predikade m\u00e5nga g\u00e5nger om ett utbyggt och snabbare uppkoppling.<\/p>\n\n\n\n<hr class=\"wp-block-separator has-alpha-channel-opacity\"\/>\n\n\n\n<h2 class=\"wp-block-heading\">2000 It-bubblan spr\u00e4cks<\/h2>\n\n\n\n<p>\u00c5ret 2000 skr\u00e4mmer m\u00e5nga utvecklare p\u00e5 grund av risken som kommer kallas millenniebuggen d\u00e5 man tror att datorerna kanske inte klarar att g\u00e5 fr\u00e5n 1999 till 2000 utan att de kommer flytta sig tillbaka till 1900. Men denna oro hinner l\u00f6sas i tid men nu b\u00f6rjar investerare ha mindre framtidstro vilket leder till att b\u00f6rsen b\u00f6rjar backa. N\u00e4r investerarna b\u00f6rjar backa s\u00e5 b\u00f6rjar hela b\u00f6rsen svaja, ett exempel \u00e4r Ericsson som st\u00e5r f\u00f6r n\u00e4stan 40 procent av stockholmsb\u00f6rsens samlade v\u00e4rde (1800). Men p\u00e5 tv\u00e5 och ett halvt \u00e5r s\u00e5 st\u00f6rt dyker Ericssons aktie v\u00e4rde fr\u00e5n 826 kronor ner till 16,85 kronor. Men det \u00e4r inte bara Ericsson som faller flera bolag faller ner i br\u00e5djupet med Ericsson som exempel Boo.com. Detta leder till att sm\u00e5sparare tillsammans f\u00f6rlorar m\u00e5nga miljarder kronor vilket leder till m\u00e5nga spekulationer och prat om It-bubblan.<\/p>\n\n\n\n<hr class=\"wp-block-separator has-alpha-channel-opacity\"\/>\n\n\n\n<h2 class=\"wp-block-heading\">\u00d6verf\u00f6ringen till internet<\/h2>\n\n\n\n<div class=\"wp-block-group is-layout-grid wp-container-core-group-is-layout-478b6e6b wp-block-group-is-layout-grid\">\n<p>Det dr\u00f6jer inte l\u00e4nge tills allt ska flytas ut p\u00e5 internet och det som b\u00f6rjar \u00e4r Uppslagsverken s\u00e5 som Wikipedia och den svenska Susning.nu som i n\u00e5gra \u00e5r \u00e4r st\u00f6rre en den amerikanska motsvarigheten.<\/p>\n\n\n\n<figure class=\"wp-block-image size-full wp-duotone-edebe9-000000-4\"><img loading=\"lazy\" decoding=\"async\" width=\"640\" height=\"640\" src=\"https:\/\/programmering.gtg.se\/william.olsmo\/wp-content\/uploads\/2025\/06\/Counter-Strike_CS_logo.svg_-1.png\" alt=\"\" class=\"wp-image-86\" srcset=\"https:\/\/programmering.gtg.se\/william.olsmo\/wp-content\/uploads\/2025\/06\/Counter-Strike_CS_logo.svg_-1.png 640w, https:\/\/programmering.gtg.se\/william.olsmo\/wp-content\/uploads\/2025\/06\/Counter-Strike_CS_logo.svg_-1-300x300.png 300w, https:\/\/programmering.gtg.se\/william.olsmo\/wp-content\/uploads\/2025\/06\/Counter-Strike_CS_logo.svg_-1-150x150.png 150w\" sizes=\"auto, (max-width: 640px) 100vw, 640px\" \/><\/figure>\n<\/div>\n\n\n\n<p>Men det \u00e4r inte bara uppslagsverken som flyttar till internet utan \u00e4ven spelen som \u00e4ven blir mer och mer dragna till internet. Som exempelvis Counter Strike (CS) som det h\u00e5lls stora t\u00e4vlingar i runt om i v\u00e4rlden.<\/p>\n\n\n\n<hr class=\"wp-block-separator has-alpha-channel-opacity\"\/>\n\n\n\n<h2 class=\"wp-block-heading\">Piraterna sl\u00e5r till p\u00e5 internet<\/h2>\n\n\n\n<figure class=\"wp-block-image size-full is-resized wp-duotone-6d6466-000000-5\"><img loading=\"lazy\" decoding=\"async\" width=\"640\" height=\"472\" src=\"https:\/\/programmering.gtg.se\/william.olsmo\/wp-content\/uploads\/2025\/06\/The_Pirate_Bay_Hollybay_logo.svg_.png\" alt=\"\" class=\"wp-image-87\" style=\"width:310px;height:auto\" srcset=\"https:\/\/programmering.gtg.se\/william.olsmo\/wp-content\/uploads\/2025\/06\/The_Pirate_Bay_Hollybay_logo.svg_.png 640w, https:\/\/programmering.gtg.se\/william.olsmo\/wp-content\/uploads\/2025\/06\/The_Pirate_Bay_Hollybay_logo.svg_-300x221.png 300w\" sizes=\"auto, (max-width: 640px) 100vw, 640px\" \/><\/figure>\n\n\n\n<p>Musik och video blir \u00e4ven tillg\u00e4ngligt p\u00e5 internet mp3-formatet blir snabbt mycket anv\u00e4nt och sl\u00e5r ut cd-skivan ur branschen. Men detta g\u00f6r d\u00e5 att det blir gratis att dela MP3 filer fritt och gratis \u00f6ver internet vilket \u00e4ven ger upphov till webbsidan The Pirate Bay. P\u00e5 denna hemsida s\u00e5 kan man inte bara ladda ner musik gratis utan \u00e4ven video spel och filmer och det dr\u00f6jer ett tag tills detta blir olagligt.<\/p>\n\n\n\n<hr class=\"wp-block-separator has-alpha-channel-opacity\"\/>\n\n\n\n<h2 class=\"wp-block-heading\">Ytterligare \u00f6verf\u00f6ringar sker och vi f\u00e5r problem<\/h2>\n\n\n\n<p>2003 s\u00e5 har vi inte bara uppslagsverk, musik, spel och film p\u00e5 n\u00e4tet utan vi f\u00e5r \u00e4ven en del av telefonin tack vare Niklas Zennstr\u00f6ms Skype. Skype k\u00f6ps senare upp av Ebay f\u00f6r miljardbelopp och nu blir utrikessamtal gratis. Men nu blir Internet v\u00e4ldigt popul\u00e4rt \u00f6ver hela v\u00e4rlden vilket g\u00f6r att vi b\u00f6rjar f\u00e5 slut p\u00e5 unika IP adresser s\u00e5 2004 lanseras IPv6 som ett exempel p\u00e5 ers\u00e4ttare som till\u00e5ter ca 340 sextiljoner eller d\u00e5 ca 340&nbsp;000&nbsp;000&nbsp;000&nbsp;000&nbsp;000&nbsp;000&nbsp;000&nbsp;000&nbsp;000&nbsp;000&nbsp;000&nbsp;000 unika IP adresser<\/p>\n\n\n\n<hr class=\"wp-block-separator has-alpha-channel-opacity\"\/>\n\n\n\n<h2 class=\"wp-block-heading\">Sociala medierna tar fart<\/h2>\n\n\n\n<div class=\"wp-block-group is-layout-grid wp-container-core-group-is-layout-478b6e6b wp-block-group-is-layout-grid\">\n<p>Nu b\u00f6rjas det talas om Web 2.0 d\u00e5 man nu b\u00f6rjar bygga p\u00e5 interaktioner och samarbete mer \u00e4n bara statiska hemsidor. Detta \u00e4r d\u00e5 Youtube som lanseras 2005, Twitter 2006 och samtidigt s\u00e5 sl\u00e5r Facebook igenom i Sverige.<\/p>\n\n\n\n<figure class=\"wp-block-image size-full wp-duotone-unset-6\"><img loading=\"lazy\" decoding=\"async\" width=\"640\" height=\"360\" src=\"https:\/\/programmering.gtg.se\/william.olsmo\/wp-content\/uploads\/2025\/06\/Social_media_collection_2020s.png\" alt=\"\" class=\"wp-image-88\" srcset=\"https:\/\/programmering.gtg.se\/william.olsmo\/wp-content\/uploads\/2025\/06\/Social_media_collection_2020s.png 640w, https:\/\/programmering.gtg.se\/william.olsmo\/wp-content\/uploads\/2025\/06\/Social_media_collection_2020s-300x169.png 300w\" sizes=\"auto, (max-width: 640px) 100vw, 640px\" \/><\/figure>\n<\/div>\n\n\n\n<p>Under denna tid s\u00e5 sl\u00e5r bloggar \u00e4ven igenom nu kan vem som helst skriva om sina \u00e5sikter, tips eller helt enkelt sin egna vardag. Slutligen s\u00e5 kommer man fram till att fildelning och integriteten p\u00e5 internetet \u00e4r viktigare \u00e4n vad man kanske tidigare trott vilket leder till att Piratpartiet r\u00f6stas fram inom EU-parlamentet. Samtidigt som Spotify skapas och b\u00f6rjar ta d\u00f6d p\u00e5 den olagliga fildelningen \u00f6ver internet.<\/p>\n\n\n\n<hr class=\"wp-block-separator has-alpha-channel-opacity\"\/>\n\n\n\n<h2 class=\"wp-block-heading\">Smart mobiler revolutionerar internetanv\u00e4ndning<\/h2>\n\n\n\n<p>2007 lanseras den f\u00f6rsta Iphonen en telefon som anv\u00e4nder sig av en peksk\u00e4rm och liknar mer en minidator, denna telefon kommer att f\u00f6r\u00e4ndra hur vi anv\u00e4nder oss av media och internet. 2009 s\u00e5 d\u00f6ms grundarna till The Pirate Bay till f\u00e4ngelse, The Pirate Bay har enligt grundarna st\u00e5tt f\u00f6r 40 procent av v\u00e4rldens internettrafik. Webbplatsen lever vidare och forts\u00e4tter att dela filer gratis men trafiken p\u00e5 webbplatsen minskar p\u00e5 grund av lagliga alternativ.<\/p>\n\n\n\n<figure class=\"wp-block-image size-full is-resized wp-duotone-unset-7\"><img loading=\"lazy\" decoding=\"async\" width=\"640\" height=\"115\" src=\"https:\/\/programmering.gtg.se\/william.olsmo\/wp-content\/uploads\/2025\/06\/Lineup_of_Pixel_Smartphones_1_to_7.svg_.png\" alt=\"\" class=\"wp-image-89\" style=\"width:316px;height:auto\" srcset=\"https:\/\/programmering.gtg.se\/william.olsmo\/wp-content\/uploads\/2025\/06\/Lineup_of_Pixel_Smartphones_1_to_7.svg_.png 640w, https:\/\/programmering.gtg.se\/william.olsmo\/wp-content\/uploads\/2025\/06\/Lineup_of_Pixel_Smartphones_1_to_7.svg_-300x54.png 300w\" sizes=\"auto, (max-width: 640px) 100vw, 640px\" \/><\/figure>\n\n\n\n<hr class=\"wp-block-separator has-alpha-channel-opacity\"\/>\n\n\n\n<h2 class=\"wp-block-heading\">2010 internet blir st\u00f6rre och st\u00f6rre<\/h2>\n\n\n\n<div class=\"wp-block-group is-layout-grid wp-container-core-group-is-layout-478b6e6b wp-block-group-is-layout-grid\">\n<p>Anv\u00e4ndningen av internet \u00e4r rekordh\u00f6g och 92 procent av alla svenskar anv\u00e4nder sig av internet. Vid detta lag s\u00e5 \u00e4r m\u00e5nga beroende av \u201dfl\u00f6den\u201d, vissa p\u00e5 Facebook andra p\u00e5 Twitter och vissa \u00e4r \u00e4ven p\u00e5 den nya plattformen Instagram som lanseras 2010.<\/p>\n\n\n\n<figure class=\"wp-block-image size-full wp-duotone-unset-8\"><img loading=\"lazy\" decoding=\"async\" width=\"640\" height=\"360\" src=\"https:\/\/programmering.gtg.se\/william.olsmo\/wp-content\/uploads\/2025\/06\/Internet-problems.svg_.png\" alt=\"\" class=\"wp-image-90\" srcset=\"https:\/\/programmering.gtg.se\/william.olsmo\/wp-content\/uploads\/2025\/06\/Internet-problems.svg_.png 640w, https:\/\/programmering.gtg.se\/william.olsmo\/wp-content\/uploads\/2025\/06\/Internet-problems.svg_-300x169.png 300w\" sizes=\"auto, (max-width: 640px) 100vw, 640px\" \/><\/figure>\n<\/div>\n\n\n\n<p>M\u00e4ngden information som sprids p\u00e5 internetet \u00e4r s\u00e5 pass h\u00f6gt s\u00e5 man b\u00f6rjar filtrera informationen till individens egna \u00e5sikter och tankar. Detta g\u00f6r det mycket l\u00e4ttare att bortse fr\u00e5n information osv som g\u00e5r emot ens egna \u00e5sikter. Under denna tid tittar m\u00e5nga mycket mer p\u00e5 film via tj\u00e4nster som Netflix, SVT Play osv.<\/p>\n\n\n\n<hr class=\"wp-block-separator has-alpha-channel-opacity\"\/>\n\n\n\n<h2 class=\"wp-block-heading\">Riskerna visar sig<\/h2>\n\n\n\n<div class=\"wp-block-group is-nowrap is-layout-flex wp-container-core-group-is-layout-6c531013 wp-block-group-is-layout-flex\">\n<p>Under 2010 talet s\u00e5 skapas ett internet fenomen det s\u00e5 kallade Darknet\/Darkwebb. En hemlig sida utan regler d\u00e4r hemlig information sprids, propaganda spelas och olaglig handel sker och rekrytering av extremister f\u00f6r terrord\u00e5d osv. Men det \u00e4r inte bara olagliga interaktioner som sker utan stater s\u00e5 som kina osv f\u00f6rs\u00f6ker strypa och kontrollera informationen som sprids \u00f6ver internet. Till och med USA hade i \u00e5ratal drivit en \u00f6vervakning p\u00e5 stora delar av internet som till slut avsl\u00f6jas av Edward Snowden 2013.<\/p>\n<\/div>\n\n\n\n<figure class=\"wp-block-image size-full is-resized wp-duotone-unset-9\"><img loading=\"lazy\" decoding=\"async\" width=\"640\" height=\"908\" src=\"https:\/\/programmering.gtg.se\/william.olsmo\/wp-content\/uploads\/2025\/06\/Snowden-bild.jpg\" alt=\"\" class=\"wp-image-78\" style=\"width:250px;height:auto\" srcset=\"https:\/\/programmering.gtg.se\/william.olsmo\/wp-content\/uploads\/2025\/06\/Snowden-bild.jpg 640w, https:\/\/programmering.gtg.se\/william.olsmo\/wp-content\/uploads\/2025\/06\/Snowden-bild-211x300.jpg 211w\" sizes=\"auto, (max-width: 640px) 100vw, 640px\" \/><\/figure>\n\n\n\n<hr class=\"wp-block-separator has-alpha-channel-opacity\"\/>\n\n\n\n<h2 class=\"wp-block-heading\">Internets forts\u00e4tta anv\u00e4ndning och problem<\/h2>\n\n\n\n<p>2018 sker Cambridge Analytica skandalen som drabbar Facebook p\u00e5 grund av d\u00e5lig transparans med vad de g\u00f6r med anv\u00e4ndare data. Under 2017 blir #metoo en stor r\u00f6relse d\u00e5 tusentals kvinnor stiger ut p\u00e5 internet och ber\u00e4ttar\/vittnar om sexuella trakasserier de blivit utsatta f\u00f6r. EU i ett f\u00f6rs\u00f6k att ge internetanv\u00e4ndare en \u00f6kad kontroll \u00f6ver sin information s\u00e5 skapar de GDPR, som tr\u00e4der i kraft 2018, vilket ska ge anv\u00e4ndarna tillg\u00e5ng till vad deras information anv\u00e4nds till. 2020 s\u00e5 kommer covid-19 fram och allas tvingas att stanna hemma och allt sker nu p\u00e5 internet, M\u00f6ten sker p\u00e5 till exempel teams, studier sker p\u00e5 distans men tack vare internet s\u00e5 kan m\u00e5nga miljoner forts\u00e4tta plugga handla och ta sig igenom sin vardag.<\/p>\n\n\n\n<hr class=\"wp-block-separator has-alpha-channel-opacity\"\/>\n\n\n\n<h2 class=\"wp-block-heading\">K\u00e4llor:<\/h2>\n\n\n\n<div class=\"wp-block-group is-nowrap is-layout-flex wp-container-core-group-is-layout-6c531013 wp-block-group-is-layout-flex\">\n<div class=\"wp-block-buttons is-layout-flex wp-block-buttons-is-layout-flex\">\n<div class=\"wp-block-button\"><a class=\"wp-block-button__link wp-element-button\" href=\"https:\/\/sv.wikipedia.org\/wiki\/Internets_historia\">Wikipedia<\/a><\/div>\n<\/div>\n\n\n\n<div class=\"wp-block-buttons is-layout-flex wp-block-buttons-is-layout-flex\">\n<div class=\"wp-block-button\"><a class=\"wp-block-button__link wp-element-button\" href=\"https:\/\/internetmuseum.se\/internets-historia-sammanfattning\/\">Internetmuset<\/a><\/div>\n<\/div>\n<\/div>\n\n\n\n<p><\/p>\n","protected":false},"excerpt":{"rendered":"<p>Beroende p\u00e5 vem du fr\u00e5gar s\u00e5 kan internets historia b\u00f6rja vid antingen 1962 eller som vissa p\u00e5st\u00e5r 1983. F\u00f6r at d\u00e5 1962 s\u00e5 kom Joseph Licklider p\u00e5 en teori om ett \u201dintergalaktiskt n\u00e4tverk\u201d. Tanken var att man ville skapa en uppkoppling som sovjet inte kunde st\u00e4nga av. Medan 1983 s\u00e5 gick Arpanet fr\u00e5n env\u00e4gs till [&hellip;]<\/p>\n","protected":false},"author":1,"featured_media":0,"parent":0,"menu_order":0,"comment_status":"closed","ping_status":"closed","template":"","meta":{"footnotes":""},"class_list":["post-109","page","type-page","status-publish","hentry"],"_links":{"self":[{"href":"https:\/\/programmering.gtg.se\/william.olsmo\/index.php\/wp-json\/wp\/v2\/pages\/109","targetHints":{"allow":["GET"]}}],"collection":[{"href":"https:\/\/programmering.gtg.se\/william.olsmo\/index.php\/wp-json\/wp\/v2\/pages"}],"about":[{"href":"https:\/\/programmering.gtg.se\/william.olsmo\/index.php\/wp-json\/wp\/v2\/types\/page"}],"author":[{"embeddable":true,"href":"https:\/\/programmering.gtg.se\/william.olsmo\/index.php\/wp-json\/wp\/v2\/users\/1"}],"replies":[{"embeddable":true,"href":"https:\/\/programmering.gtg.se\/william.olsmo\/index.php\/wp-json\/wp\/v2\/comments?post=109"}],"version-history":[{"count":3,"href":"https:\/\/programmering.gtg.se\/william.olsmo\/index.php\/wp-json\/wp\/v2\/pages\/109\/revisions"}],"predecessor-version":[{"id":190,"href":"https:\/\/programmering.gtg.se\/william.olsmo\/index.php\/wp-json\/wp\/v2\/pages\/109\/revisions\/190"}],"wp:attachment":[{"href":"https:\/\/programmering.gtg.se\/william.olsmo\/index.php\/wp-json\/wp\/v2\/media?parent=109"}],"curies":[{"name":"wp","href":"https:\/\/api.w.org\/{rel}","templated":true}]}}