{"id":44,"date":"2025-06-12T16:17:33","date_gmt":"2025-06-12T14:17:33","guid":{"rendered":"https:\/\/programmering.gtg.se\/melvin.andersson\/?page_id=44"},"modified":"2025-06-13T10:38:41","modified_gmt":"2025-06-13T08:38:41","slug":"sokvag","status":"publish","type":"page","link":"https:\/\/programmering.gtg.se\/melvin.andersson\/?page_id=44","title":{"rendered":"S\u00f6k"},"content":{"rendered":"\n<p>H\u00e4r kan du s\u00f6ka efter inl\u00e4gg<\/p>\n\n\n<div class=\"search-in-place-box-container  search-in-place-box-container-custom-design  \"><form role=\"search\" method=\"get\" class=\"search-form\" action=\"https:\/\/programmering.gtg.se\/melvin.andersson\/\">\n\t\t\t\t<label>\n\t\t\t\t\t<span class=\"screen-reader-text\">S\u00f6k efter:<\/span>\n\t\t\t\t\t<input type=\"search\" class=\"search-field\" placeholder=\"\" value=\"\" name=\"s\" data-search-in-place=\"1\" \/>\n\t\t\t\t<\/label>\n\t\t\t\t<input type=\"submit\" class=\"search-submit\" value=\"S\u00f6k\" \/>\n\t\t\t<input type=\"hidden\" name=\"search_in_place_form\" value=\"1\"><\/form><\/div>\n\n\n<p><br>H\u00e4r kan du s\u00f6ka p\u00e5 vad som h\u00e4llts (exempelvis html)<\/p>\n\n\n\n<figure class=\"wp-block-image size-large\"><img loading=\"lazy\" decoding=\"async\" width=\"683\" height=\"1024\" src=\"https:\/\/programmering.gtg.se\/melvin.andersson\/wp-content\/uploads\/2025\/06\/convertera-till-png-683x1024.png\" alt=\"\" class=\"wp-image-95\" srcset=\"https:\/\/programmering.gtg.se\/melvin.andersson\/wp-content\/uploads\/2025\/06\/convertera-till-png-683x1024.png 683w, https:\/\/programmering.gtg.se\/melvin.andersson\/wp-content\/uploads\/2025\/06\/convertera-till-png-200x300.png 200w, https:\/\/programmering.gtg.se\/melvin.andersson\/wp-content\/uploads\/2025\/06\/convertera-till-png-768x1152.png 768w, https:\/\/programmering.gtg.se\/melvin.andersson\/wp-content\/uploads\/2025\/06\/convertera-till-png.png 1024w\" sizes=\"auto, (max-width: 683px) 100vw, 683px\" \/><figcaption class=\"wp-element-caption\">Ai genererad:2025<\/figcaption><\/figure>\n","protected":false},"excerpt":{"rendered":"<p>H\u00e4r kan du s\u00f6ka efter inl\u00e4gg H\u00e4r kan du s\u00f6ka p\u00e5 vad som h\u00e4llts (exempelvis html)<\/p>\n","protected":false},"author":1,"featured_media":0,"parent":0,"menu_order":0,"comment_status":"closed","ping_status":"closed","template":"","meta":{"footnotes":""},"class_list":["post-44","page","type-page","status-publish","hentry"],"_links":{"self":[{"href":"https:\/\/programmering.gtg.se\/melvin.andersson\/index.php?rest_route=\/wp\/v2\/pages\/44","targetHints":{"allow":["GET"]}}],"collection":[{"href":"https:\/\/programmering.gtg.se\/melvin.andersson\/index.php?rest_route=\/wp\/v2\/pages"}],"about":[{"href":"https:\/\/programmering.gtg.se\/melvin.andersson\/index.php?rest_route=\/wp\/v2\/types\/page"}],"author":[{"embeddable":true,"href":"https:\/\/programmering.gtg.se\/melvin.andersson\/index.php?rest_route=\/wp\/v2\/users\/1"}],"replies":[{"embeddable":true,"href":"https:\/\/programmering.gtg.se\/melvin.andersson\/index.php?rest_route=%2Fwp%2Fv2%2Fcomments&post=44"}],"version-history":[{"count":5,"href":"https:\/\/programmering.gtg.se\/melvin.andersson\/index.php?rest_route=\/wp\/v2\/pages\/44\/revisions"}],"predecessor-version":[{"id":121,"href":"https:\/\/programmering.gtg.se\/melvin.andersson\/index.php?rest_route=\/wp\/v2\/pages\/44\/revisions\/121"}],"wp:attachment":[{"href":"https:\/\/programmering.gtg.se\/melvin.andersson\/index.php?rest_route=%2Fwp%2Fv2%2Fmedia&parent=44"}],"curies":[{"name":"wp","href":"https:\/\/api.w.org\/{rel}","templated":true}]}}