{"id":123,"date":"2025-06-13T10:47:47","date_gmt":"2025-06-13T08:47:47","guid":{"rendered":"https:\/\/programmering.gtg.se\/melvin.andersson\/?page_id=123"},"modified":"2025-06-13T10:50:46","modified_gmt":"2025-06-13T08:50:46","slug":"internets-histora","status":"publish","type":"page","link":"https:\/\/programmering.gtg.se\/melvin.andersson\/?page_id=123","title":{"rendered":"Internets histora"},"content":{"rendered":"\n<p><strong>Internets historia och hur det blev popul\u00e4rt<\/strong><\/p>\n\n\n\n<p>Internet har en sp\u00e4nnande historia som str\u00e4cker sig tillbaka till slutet av 1960-talet. Fr\u00e5n b\u00f6rjan utvecklades det som ett forskningsprojekt i USA under namnet ARPANET. Syftet var att forskare och milit\u00e4rer skulle kunna dela information och kommunicera snabbt, \u00e4ven om delar av n\u00e4tverket skulle sluta fungera. Med tiden b\u00f6rjade fler universitet och institutioner koppla upp sig till n\u00e4tverket och utbyta data.<\/p>\n\n\n\n<figure class=\"wp-block-image aligncenter size-large is-resized\"><img loading=\"lazy\" decoding=\"async\" width=\"683\" height=\"1024\" src=\"https:\/\/programmering.gtg.se\/melvin.andersson\/wp-content\/uploads\/2025\/06\/gg-683x1024.png\" alt=\"\" class=\"wp-image-36\" style=\"width:330px;height:auto\" srcset=\"https:\/\/programmering.gtg.se\/melvin.andersson\/wp-content\/uploads\/2025\/06\/gg-683x1024.png 683w, https:\/\/programmering.gtg.se\/melvin.andersson\/wp-content\/uploads\/2025\/06\/gg-200x300.png 200w, https:\/\/programmering.gtg.se\/melvin.andersson\/wp-content\/uploads\/2025\/06\/gg-768x1152.png 768w, https:\/\/programmering.gtg.se\/melvin.andersson\/wp-content\/uploads\/2025\/06\/gg.png 1024w\" sizes=\"auto, (max-width: 683px) 100vw, 683px\" \/><figcaption class=\"wp-element-caption\">Ai genererad :2025<\/figcaption><\/figure>\n\n\n\n<p>P\u00e5 1980-talet b\u00f6rjade id\u00e9erna spridas till fler delar av v\u00e4rlden. D\u00e5 uppstod olika mindre n\u00e4tverk som senare kopplades ihop till ett st\u00f6rre globalt n\u00e4tverk. Men det var f\u00f6rst 1991 som internet b\u00f6rjade bli n\u00e5got som vanliga m\u00e4nniskor kunde anv\u00e4nda. D\u00e5 uppfann den brittiske forskaren Tim Berners-Lee World Wide Web, en teknik som gjorde det m\u00f6jligt att skapa och l\u00e4nka webbsidor med text, bilder och l\u00e4nkar.<\/p>\n\n\n\n<p>Under 1990-talet kom de f\u00f6rsta webbl\u00e4sarna, som Mosaic, Netscape och Internet Explorer. De gjorde det mycket enklare f\u00f6r m\u00e4nniskor utan teknisk kunskap att surfa p\u00e5 n\u00e4tet. Fler och fler hush\u00e5ll skaffade datorer och modem, och snart blev det vanligt att anv\u00e4nda internet f\u00f6r att l\u00e4sa nyheter, skicka e-post och b\u00f6rja chatta med andra m\u00e4nniskor \u00f6ver hela v\u00e4rlden.<\/p>\n\n\n\n<figure class=\"wp-block-image aligncenter size-large is-resized\"><img loading=\"lazy\" decoding=\"async\" width=\"683\" height=\"1024\" src=\"https:\/\/programmering.gtg.se\/melvin.andersson\/wp-content\/uploads\/2025\/06\/background-for-webbpage-683x1024.png\" alt=\"Internet\" class=\"wp-image-28\" style=\"width:388px;height:auto\" srcset=\"https:\/\/programmering.gtg.se\/melvin.andersson\/wp-content\/uploads\/2025\/06\/background-for-webbpage-683x1024.png 683w, https:\/\/programmering.gtg.se\/melvin.andersson\/wp-content\/uploads\/2025\/06\/background-for-webbpage-200x300.png 200w, https:\/\/programmering.gtg.se\/melvin.andersson\/wp-content\/uploads\/2025\/06\/background-for-webbpage-768x1152.png 768w, https:\/\/programmering.gtg.se\/melvin.andersson\/wp-content\/uploads\/2025\/06\/background-for-webbpage.png 1024w\" sizes=\"auto, (max-width: 683px) 100vw, 683px\" \/><figcaption class=\"wp-element-caption\">Ai genererad: 2025<\/figcaption><\/figure>\n\n\n\n<p>N\u00e4r bredband ersatte l\u00e5ngsamma modem gick det pl\u00f6tsligt snabbt att ladda sidor och titta p\u00e5 bilder och filmklipp. E-handel b\u00f6rjade v\u00e4xa och m\u00e5nga f\u00f6retag startade egna hemsidor. Internetcaf\u00e9er \u00f6ppnade \u00f6verallt och fler skolor b\u00f6rjade undervisa i dator- och internetteknik.<\/p>\n\n\n\n<p>I b\u00f6rjan av 2000-talet blev internet \u00e4nnu mer popul\u00e4rt med sociala medier som Facebook och YouTube. Samtidigt gjorde smarta mobiltelefoner och tr\u00e5dl\u00f6st Wi-Fi att m\u00e4nniskor kunde vara uppkopplade n\u00e4stan hela tiden. Idag anv\u00e4nds internet till n\u00e4stan allt: jobb, skola, shopping, spel, underh\u00e5llning och f\u00f6r att h\u00e5lla kontakt med v\u00e4nner och familj.<\/p>\n\n\n\n<p>Internet forts\u00e4tter att utvecklas hela tiden. Nya tekniker som molntj\u00e4nster, streaming och artificiell intelligens g\u00f6r att vi kan g\u00f6ra \u00e4nnu mer online. Fr\u00e5n att ha varit ett milit\u00e4rt forskningsprojekt har internet p\u00e5 n\u00e5gra decennier blivit en sj\u00e4lvklar och viktig del av n\u00e4stan allas vardag.<\/p>\n\n\n\n<figure class=\"wp-block-image aligncenter size-large\"><img loading=\"lazy\" decoding=\"async\" width=\"683\" height=\"1024\" src=\"https:\/\/programmering.gtg.se\/melvin.andersson\/wp-content\/uploads\/2025\/06\/convertera-till-png-683x1024.png\" alt=\"\" class=\"wp-image-95\" srcset=\"https:\/\/programmering.gtg.se\/melvin.andersson\/wp-content\/uploads\/2025\/06\/convertera-till-png-683x1024.png 683w, https:\/\/programmering.gtg.se\/melvin.andersson\/wp-content\/uploads\/2025\/06\/convertera-till-png-200x300.png 200w, https:\/\/programmering.gtg.se\/melvin.andersson\/wp-content\/uploads\/2025\/06\/convertera-till-png-768x1152.png 768w, https:\/\/programmering.gtg.se\/melvin.andersson\/wp-content\/uploads\/2025\/06\/convertera-till-png.png 1024w\" sizes=\"auto, (max-width: 683px) 100vw, 683px\" \/><figcaption class=\"wp-element-caption\">Ai genererad:2025<\/figcaption><\/figure>\n","protected":false},"excerpt":{"rendered":"<p>Internets historia och hur det blev popul\u00e4rt Internet har en sp\u00e4nnande historia som str\u00e4cker sig tillbaka till slutet av 1960-talet. Fr\u00e5n b\u00f6rjan utvecklades det som ett forskningsprojekt i USA under namnet ARPANET. Syftet var att forskare och milit\u00e4rer skulle kunna dela information och kommunicera snabbt, \u00e4ven om delar av n\u00e4tverket skulle sluta fungera. Med tiden [&hellip;]<\/p>\n","protected":false},"author":1,"featured_media":0,"parent":0,"menu_order":0,"comment_status":"closed","ping_status":"closed","template":"","meta":{"footnotes":""},"class_list":["post-123","page","type-page","status-publish","hentry"],"_links":{"self":[{"href":"https:\/\/programmering.gtg.se\/melvin.andersson\/index.php?rest_route=\/wp\/v2\/pages\/123","targetHints":{"allow":["GET"]}}],"collection":[{"href":"https:\/\/programmering.gtg.se\/melvin.andersson\/index.php?rest_route=\/wp\/v2\/pages"}],"about":[{"href":"https:\/\/programmering.gtg.se\/melvin.andersson\/index.php?rest_route=\/wp\/v2\/types\/page"}],"author":[{"embeddable":true,"href":"https:\/\/programmering.gtg.se\/melvin.andersson\/index.php?rest_route=\/wp\/v2\/users\/1"}],"replies":[{"embeddable":true,"href":"https:\/\/programmering.gtg.se\/melvin.andersson\/index.php?rest_route=%2Fwp%2Fv2%2Fcomments&post=123"}],"version-history":[{"count":2,"href":"https:\/\/programmering.gtg.se\/melvin.andersson\/index.php?rest_route=\/wp\/v2\/pages\/123\/revisions"}],"predecessor-version":[{"id":125,"href":"https:\/\/programmering.gtg.se\/melvin.andersson\/index.php?rest_route=\/wp\/v2\/pages\/123\/revisions\/125"}],"wp:attachment":[{"href":"https:\/\/programmering.gtg.se\/melvin.andersson\/index.php?rest_route=%2Fwp%2Fv2%2Fmedia&parent=123"}],"curies":[{"name":"wp","href":"https:\/\/api.w.org\/{rel}","templated":true}]}}