{"id":111,"date":"2025-06-13T09:22:52","date_gmt":"2025-06-13T07:22:52","guid":{"rendered":"https:\/\/programmering.gtg.se\/melvin.andersson\/?page_id=111"},"modified":"2025-06-13T10:29:06","modified_gmt":"2025-06-13T08:29:06","slug":"om-mig","status":"publish","type":"page","link":"https:\/\/programmering.gtg.se\/melvin.andersson\/?page_id=111","title":{"rendered":"Om mig"},"content":{"rendered":"\n<p>H\u00e4r kommer saker om mig<\/p>\n\n\n\n<p><\/p>\n\n\n\n<p><\/p>\n\n\n\n<p>Jag heter Melvin och g\u00e5r f\u00f6rsta \u00e5ret p\u00e5 gtg.<\/p>\n\n\n\n<p><\/p>\n\n\n\n<p><\/p>\n\n\n\n<p>Jag bor i Gbg och gillar fotboll och att h\u00e4nga med v\u00e4nner<\/p>\n\n\n\n<p>H\u00e4r \u00e4r mina lag jag h\u00e5ller p\u00e5<\/p>\n\n\n\n<p>Bl\u00e5vitt i Sverige <\/p>\n\n\n\n<figure class=\"wp-block-image size-large is-resized\"><img loading=\"lazy\" decoding=\"async\" width=\"683\" height=\"1024\" src=\"https:\/\/programmering.gtg.se\/melvin.andersson\/wp-content\/uploads\/2025\/06\/ifk-goteborg-683x1024.png\" alt=\"\" class=\"wp-image-117\" style=\"width:330px;height:auto\" srcset=\"https:\/\/programmering.gtg.se\/melvin.andersson\/wp-content\/uploads\/2025\/06\/ifk-goteborg-683x1024.png 683w, https:\/\/programmering.gtg.se\/melvin.andersson\/wp-content\/uploads\/2025\/06\/ifk-goteborg-200x300.png 200w, https:\/\/programmering.gtg.se\/melvin.andersson\/wp-content\/uploads\/2025\/06\/ifk-goteborg-768x1152.png 768w, https:\/\/programmering.gtg.se\/melvin.andersson\/wp-content\/uploads\/2025\/06\/ifk-goteborg.png 1024w\" sizes=\"auto, (max-width: 683px) 100vw, 683px\" \/><figcaption class=\"wp-element-caption\">AI genererad:2025<\/figcaption><\/figure>\n\n\n\n<p>Newcastle i Europa<\/p>\n\n\n\n<figure class=\"wp-block-image size-large is-resized\"><img loading=\"lazy\" decoding=\"async\" width=\"683\" height=\"1024\" src=\"https:\/\/programmering.gtg.se\/melvin.andersson\/wp-content\/uploads\/2025\/06\/Newcastle-683x1024.png\" alt=\"\" class=\"wp-image-116\" style=\"width:346px;height:auto\" srcset=\"https:\/\/programmering.gtg.se\/melvin.andersson\/wp-content\/uploads\/2025\/06\/Newcastle-683x1024.png 683w, https:\/\/programmering.gtg.se\/melvin.andersson\/wp-content\/uploads\/2025\/06\/Newcastle-200x300.png 200w, https:\/\/programmering.gtg.se\/melvin.andersson\/wp-content\/uploads\/2025\/06\/Newcastle-768x1152.png 768w, https:\/\/programmering.gtg.se\/melvin.andersson\/wp-content\/uploads\/2025\/06\/Newcastle.png 1024w\" sizes=\"auto, (max-width: 683px) 100vw, 683px\" \/><figcaption class=\"wp-element-caption\">Ai genererad:2025<\/figcaption><\/figure>\n","protected":false},"excerpt":{"rendered":"<p>H\u00e4r kommer saker om mig Jag heter Melvin och g\u00e5r f\u00f6rsta \u00e5ret p\u00e5 gtg. Jag bor i Gbg och gillar fotboll och att h\u00e4nga med v\u00e4nner H\u00e4r \u00e4r mina lag jag h\u00e5ller p\u00e5 Bl\u00e5vitt i Sverige Newcastle i Europa<\/p>\n","protected":false},"author":1,"featured_media":0,"parent":0,"menu_order":0,"comment_status":"closed","ping_status":"closed","template":"","meta":{"footnotes":""},"class_list":["post-111","page","type-page","status-publish","hentry"],"_links":{"self":[{"href":"https:\/\/programmering.gtg.se\/melvin.andersson\/index.php?rest_route=\/wp\/v2\/pages\/111","targetHints":{"allow":["GET"]}}],"collection":[{"href":"https:\/\/programmering.gtg.se\/melvin.andersson\/index.php?rest_route=\/wp\/v2\/pages"}],"about":[{"href":"https:\/\/programmering.gtg.se\/melvin.andersson\/index.php?rest_route=\/wp\/v2\/types\/page"}],"author":[{"embeddable":true,"href":"https:\/\/programmering.gtg.se\/melvin.andersson\/index.php?rest_route=\/wp\/v2\/users\/1"}],"replies":[{"embeddable":true,"href":"https:\/\/programmering.gtg.se\/melvin.andersson\/index.php?rest_route=%2Fwp%2Fv2%2Fcomments&post=111"}],"version-history":[{"count":4,"href":"https:\/\/programmering.gtg.se\/melvin.andersson\/index.php?rest_route=\/wp\/v2\/pages\/111\/revisions"}],"predecessor-version":[{"id":118,"href":"https:\/\/programmering.gtg.se\/melvin.andersson\/index.php?rest_route=\/wp\/v2\/pages\/111\/revisions\/118"}],"wp:attachment":[{"href":"https:\/\/programmering.gtg.se\/melvin.andersson\/index.php?rest_route=%2Fwp%2Fv2%2Fmedia&parent=111"}],"curies":[{"name":"wp","href":"https:\/\/api.w.org\/{rel}","templated":true}]}}