{"id":78,"date":"2025-06-11T13:20:17","date_gmt":"2025-06-11T11:20:17","guid":{"rendered":"https:\/\/programmering.gtg.se\/joris.derkintis\/?page_id=78"},"modified":"2025-06-16T11:57:36","modified_gmt":"2025-06-16T09:57:36","slug":"om-mig","status":"publish","type":"page","link":"https:\/\/programmering.gtg.se\/joris.derkintis\/?page_id=78","title":{"rendered":"\ud83d\ude01Om Mig!\ud83c\udfcd\ufe0f"},"content":{"rendered":"\n<p>Jag heter Joris och g\u00e5r p\u00e5 en svensk gymnasieskola som heter G\u00f6teborgs Tekniska Gymnasium. Jag bor i G\u00f6teborg tillsammans med min familj \u2013 och min katt \ud83d\udc31. Det \u00e4r verkligen h\u00e4rligt att bo h\u00e4r!<\/p>\n\n\n\n<p>Jag har inget jobb just nu, men planen \u00e4r att jobba under sommaren. Just nu sparar jag till en andra, lite st\u00f6rre motorcykel \ud83c\udfcd\ufe0f<\/p>\n\n\n\n<p>Jag gillar en hel del saker \u2013 sport, olika hobbys och mycket mer!<\/p>\n\n\n\n<p>Jag har h\u00e5llit p\u00e5 med sport i hela mitt liv, men n\u00e4r jag b\u00f6rjade gymnasiet slutade jag med det och b\u00f6rjade g\u00e5 p\u00e5 gym ist\u00e4llet.<\/p>\n\n\n\n<p>Sporter som jag har testat \u00e4r: <\/p>\n\n\n\n<p>\u26bd fotboll, \ud83e\udd3e handboll, \ud83c\udfd2 hockey, \ud83c\udfd0 volleyboll, \ud83c\udfd6\ufe0f beachvolley, \ud83c\udfca simning och \ud83c\udfd1 innebandy.<\/p>\n\n\n\n<p>Mitt m\u00e5l med sport har alltid varit att hitta ett syfte i det jag g\u00f6r. Men jag hittade aldrig riktigt n\u00e5got som fastnade \u2013 f\u00f6rr\u00e4n jag uppt\u00e4ckte gymmet. Nu har jag ett tydligt m\u00e5l och jag \u00e4lskar att g\u00e5 dit varje dag \ud83d\udcaa.<\/p>\n\n\n\n<p>\ud83c\udfcd\ufe0f En annan hobby jag verkligen \u00e4lskar \u00e4r att k\u00f6ra motorcykel. Jag \u00e4r 16 \u00e5r gammal just nu, s\u00e5 jag har precis tagit mitt A1-k\u00f6rkort. Det \u00e4r en dr\u00f6m som g\u00e5tt i uppfyllelse \u2013 jag har l\u00e4ngtat efter det h\u00e4r hela livet.<br>Och jag \u00e4r r\u00e4tt s\u00e4ker p\u00e5 att jag kommer k\u00f6ra resten av livet. Planerar inte att d\u00f6 \u00e4n p\u00e5 ett tag \ud83d\ude05<br>(KTM DUKE 125 \u2013 specialdesignad \ud83e\udde1\ud83d\udda4)<\/p>\n","protected":false},"excerpt":{"rendered":"<p>Jag heter Joris och g\u00e5r p\u00e5 en svensk gymnasieskola som heter G\u00f6teborgs Tekniska Gymnasium. Jag bor i G\u00f6teborg tillsammans med min familj \u2013 och min katt \ud83d\udc31. Det \u00e4r verkligen h\u00e4rligt att bo h\u00e4r! Jag har inget jobb just nu, men planen \u00e4r att jobba under sommaren. Just nu sparar jag till en andra, lite&#8230;<\/p>\n","protected":false},"author":1,"featured_media":87,"parent":0,"menu_order":0,"comment_status":"closed","ping_status":"closed","template":"","meta":{"footnotes":""},"class_list":["post-78","page","type-page","status-publish","has-post-thumbnail","hentry"],"_links":{"self":[{"href":"https:\/\/programmering.gtg.se\/joris.derkintis\/index.php?rest_route=\/wp\/v2\/pages\/78","targetHints":{"allow":["GET"]}}],"collection":[{"href":"https:\/\/programmering.gtg.se\/joris.derkintis\/index.php?rest_route=\/wp\/v2\/pages"}],"about":[{"href":"https:\/\/programmering.gtg.se\/joris.derkintis\/index.php?rest_route=\/wp\/v2\/types\/page"}],"author":[{"embeddable":true,"href":"https:\/\/programmering.gtg.se\/joris.derkintis\/index.php?rest_route=\/wp\/v2\/users\/1"}],"replies":[{"embeddable":true,"href":"https:\/\/programmering.gtg.se\/joris.derkintis\/index.php?rest_route=%2Fwp%2Fv2%2Fcomments&post=78"}],"version-history":[{"count":4,"href":"https:\/\/programmering.gtg.se\/joris.derkintis\/index.php?rest_route=\/wp\/v2\/pages\/78\/revisions"}],"predecessor-version":[{"id":115,"href":"https:\/\/programmering.gtg.se\/joris.derkintis\/index.php?rest_route=\/wp\/v2\/pages\/78\/revisions\/115"}],"wp:featuredmedia":[{"embeddable":true,"href":"https:\/\/programmering.gtg.se\/joris.derkintis\/index.php?rest_route=\/wp\/v2\/media\/87"}],"wp:attachment":[{"href":"https:\/\/programmering.gtg.se\/joris.derkintis\/index.php?rest_route=%2Fwp%2Fv2%2Fmedia&parent=78"}],"curies":[{"name":"wp","href":"https:\/\/api.w.org\/{rel}","templated":true}]}}