{"id":155,"date":"2025-06-16T14:25:16","date_gmt":"2025-06-16T12:25:16","guid":{"rendered":"https:\/\/programmering.gtg.se\/joris.derkintis\/?page_id=155"},"modified":"2025-06-16T14:25:16","modified_gmt":"2025-06-16T12:25:16","slug":"https","status":"publish","type":"page","link":"https:\/\/programmering.gtg.se\/joris.derkintis\/?page_id=155","title":{"rendered":"HTTPS"},"content":{"rendered":"\n<p class=\"has-text-align-center has-light-color-color has-text-color has-link-color has-big-font-size wp-elements-d0e855d8b3d95a3349bcdae718c5ee6d\"><strong>F\u00f6rklaring:<\/strong> HTTPS \u00e4r en s\u00e4ker version av HTTP. Det betyder att data skickas krypterat, vilket skyddar anv\u00e4ndaren.<br><strong>Exempel:<\/strong> Webbsidor med l\u00e5s-symbol i adressf\u00e4ltet har HTTPS.<\/p>\n","protected":false},"excerpt":{"rendered":"<p>F\u00f6rklaring: HTTPS \u00e4r en s\u00e4ker version av HTTP. Det betyder att data skickas krypterat, vilket skyddar anv\u00e4ndaren.Exempel: Webbsidor med l\u00e5s-symbol i adressf\u00e4ltet har HTTPS.<\/p>\n","protected":false},"author":1,"featured_media":0,"parent":0,"menu_order":0,"comment_status":"closed","ping_status":"closed","template":"page-sitemap-template","meta":{"footnotes":""},"class_list":["post-155","page","type-page","status-publish","hentry"],"_links":{"self":[{"href":"https:\/\/programmering.gtg.se\/joris.derkintis\/index.php?rest_route=\/wp\/v2\/pages\/155","targetHints":{"allow":["GET"]}}],"collection":[{"href":"https:\/\/programmering.gtg.se\/joris.derkintis\/index.php?rest_route=\/wp\/v2\/pages"}],"about":[{"href":"https:\/\/programmering.gtg.se\/joris.derkintis\/index.php?rest_route=\/wp\/v2\/types\/page"}],"author":[{"embeddable":true,"href":"https:\/\/programmering.gtg.se\/joris.derkintis\/index.php?rest_route=\/wp\/v2\/users\/1"}],"replies":[{"embeddable":true,"href":"https:\/\/programmering.gtg.se\/joris.derkintis\/index.php?rest_route=%2Fwp%2Fv2%2Fcomments&post=155"}],"version-history":[{"count":1,"href":"https:\/\/programmering.gtg.se\/joris.derkintis\/index.php?rest_route=\/wp\/v2\/pages\/155\/revisions"}],"predecessor-version":[{"id":217,"href":"https:\/\/programmering.gtg.se\/joris.derkintis\/index.php?rest_route=\/wp\/v2\/pages\/155\/revisions\/217"}],"wp:attachment":[{"href":"https:\/\/programmering.gtg.se\/joris.derkintis\/index.php?rest_route=%2Fwp%2Fv2%2Fmedia&parent=155"}],"curies":[{"name":"wp","href":"https:\/\/api.w.org\/{rel}","templated":true}]}}