{"id":154,"date":"2025-06-16T14:20:52","date_gmt":"2025-06-16T12:20:52","guid":{"rendered":"https:\/\/programmering.gtg.se\/joris.derkintis\/?page_id=154"},"modified":"2025-06-16T14:20:52","modified_gmt":"2025-06-16T12:20:52","slug":"wireframe","status":"publish","type":"page","link":"https:\/\/programmering.gtg.se\/joris.derkintis\/?page_id=154","title":{"rendered":"Wireframe"},"content":{"rendered":"\n<p class=\"has-text-align-center has-light-color-color has-text-color has-link-color has-big-font-size wp-elements-0dd2f426154f651c55da5d5a5a8aa499\"><strong>F\u00f6rklaring:<\/strong> En wireframe \u00e4r en enkel skiss p\u00e5 hur din hemsida ska se ut \u2013 innan du bygger den.<br><strong>Exempel:<\/strong> Du ritar rutorna f\u00f6r meny, bild, inneh\u00e5ll, footer.<\/p>\n","protected":false},"excerpt":{"rendered":"<p>F\u00f6rklaring: En wireframe \u00e4r en enkel skiss p\u00e5 hur din hemsida ska se ut \u2013 innan du bygger den.Exempel: Du ritar rutorna f\u00f6r meny, bild, inneh\u00e5ll, footer.<\/p>\n","protected":false},"author":1,"featured_media":0,"parent":0,"menu_order":0,"comment_status":"closed","ping_status":"closed","template":"page-sitemap-template","meta":{"footnotes":""},"class_list":["post-154","page","type-page","status-publish","hentry"],"_links":{"self":[{"href":"https:\/\/programmering.gtg.se\/joris.derkintis\/index.php?rest_route=\/wp\/v2\/pages\/154","targetHints":{"allow":["GET"]}}],"collection":[{"href":"https:\/\/programmering.gtg.se\/joris.derkintis\/index.php?rest_route=\/wp\/v2\/pages"}],"about":[{"href":"https:\/\/programmering.gtg.se\/joris.derkintis\/index.php?rest_route=\/wp\/v2\/types\/page"}],"author":[{"embeddable":true,"href":"https:\/\/programmering.gtg.se\/joris.derkintis\/index.php?rest_route=\/wp\/v2\/users\/1"}],"replies":[{"embeddable":true,"href":"https:\/\/programmering.gtg.se\/joris.derkintis\/index.php?rest_route=%2Fwp%2Fv2%2Fcomments&post=154"}],"version-history":[{"count":1,"href":"https:\/\/programmering.gtg.se\/joris.derkintis\/index.php?rest_route=\/wp\/v2\/pages\/154\/revisions"}],"predecessor-version":[{"id":215,"href":"https:\/\/programmering.gtg.se\/joris.derkintis\/index.php?rest_route=\/wp\/v2\/pages\/154\/revisions\/215"}],"wp:attachment":[{"href":"https:\/\/programmering.gtg.se\/joris.derkintis\/index.php?rest_route=%2Fwp%2Fv2%2Fmedia&parent=154"}],"curies":[{"name":"wp","href":"https:\/\/api.w.org\/{rel}","templated":true}]}}