{"id":153,"date":"2025-06-16T14:19:18","date_gmt":"2025-06-16T12:19:18","guid":{"rendered":"https:\/\/programmering.gtg.se\/joris.derkintis\/?page_id=153"},"modified":"2025-06-16T14:19:18","modified_gmt":"2025-06-16T12:19:18","slug":"cookie","status":"publish","type":"page","link":"https:\/\/programmering.gtg.se\/joris.derkintis\/?page_id=153","title":{"rendered":"Cookie"},"content":{"rendered":"\n<p class=\"has-text-align-center has-light-color-color has-text-color has-link-color has-big-font-size wp-elements-62464b7f0374a2fbf31dc999d0833631\"><strong>F\u00f6rklaring:<\/strong> Cookies \u00e4r sm\u00e5 filer som lagras i bes\u00f6karens webbl\u00e4sare. De anv\u00e4nds t.ex. f\u00f6r att spara inst\u00e4llningar eller sp\u00e5ra statistik.<br><strong>Exempel:<\/strong> N\u00e4r du klickar &#8220;Acceptera cookies&#8221; sparas en fil i din webbl\u00e4sare.<\/p>\n","protected":false},"excerpt":{"rendered":"<p>F\u00f6rklaring: Cookies \u00e4r sm\u00e5 filer som lagras i bes\u00f6karens webbl\u00e4sare. De anv\u00e4nds t.ex. f\u00f6r att spara inst\u00e4llningar eller sp\u00e5ra statistik.Exempel: N\u00e4r du klickar &#8220;Acceptera cookies&#8221; sparas en fil i din webbl\u00e4sare.<\/p>\n","protected":false},"author":1,"featured_media":0,"parent":0,"menu_order":0,"comment_status":"closed","ping_status":"closed","template":"page-sitemap-template","meta":{"footnotes":""},"class_list":["post-153","page","type-page","status-publish","hentry"],"_links":{"self":[{"href":"https:\/\/programmering.gtg.se\/joris.derkintis\/index.php?rest_route=\/wp\/v2\/pages\/153","targetHints":{"allow":["GET"]}}],"collection":[{"href":"https:\/\/programmering.gtg.se\/joris.derkintis\/index.php?rest_route=\/wp\/v2\/pages"}],"about":[{"href":"https:\/\/programmering.gtg.se\/joris.derkintis\/index.php?rest_route=\/wp\/v2\/types\/page"}],"author":[{"embeddable":true,"href":"https:\/\/programmering.gtg.se\/joris.derkintis\/index.php?rest_route=\/wp\/v2\/users\/1"}],"replies":[{"embeddable":true,"href":"https:\/\/programmering.gtg.se\/joris.derkintis\/index.php?rest_route=%2Fwp%2Fv2%2Fcomments&post=153"}],"version-history":[{"count":1,"href":"https:\/\/programmering.gtg.se\/joris.derkintis\/index.php?rest_route=\/wp\/v2\/pages\/153\/revisions"}],"predecessor-version":[{"id":213,"href":"https:\/\/programmering.gtg.se\/joris.derkintis\/index.php?rest_route=\/wp\/v2\/pages\/153\/revisions\/213"}],"wp:attachment":[{"href":"https:\/\/programmering.gtg.se\/joris.derkintis\/index.php?rest_route=%2Fwp%2Fv2%2Fmedia&parent=153"}],"curies":[{"name":"wp","href":"https:\/\/api.w.org\/{rel}","templated":true}]}}