{"id":151,"date":"2025-06-16T14:16:54","date_gmt":"2025-06-16T12:16:54","guid":{"rendered":"https:\/\/programmering.gtg.se\/joris.derkintis\/?page_id=151"},"modified":"2025-06-16T14:16:54","modified_gmt":"2025-06-16T12:16:54","slug":"etik","status":"publish","type":"page","link":"https:\/\/programmering.gtg.se\/joris.derkintis\/?page_id=151","title":{"rendered":"Etik"},"content":{"rendered":"\n<p class=\"has-text-align-center has-light-color-color has-text-color has-link-color has-big-font-size wp-elements-8a86998a7d3ebed2ef99dd2abd442b88\"><strong>F\u00f6rklaring:<\/strong> Du ska t\u00e4nka etiskt n\u00e4r du skapar webb \u2013 t.ex. inte kopiera andra, inte samla in personuppgifter utan tillst\u00e5nd.<br><strong>Exempel:<\/strong> Anv\u00e4nd bara bilder du har r\u00e4tt till.<\/p>\n","protected":false},"excerpt":{"rendered":"<p>F\u00f6rklaring: Du ska t\u00e4nka etiskt n\u00e4r du skapar webb \u2013 t.ex. inte kopiera andra, inte samla in personuppgifter utan tillst\u00e5nd.Exempel: Anv\u00e4nd bara bilder du har r\u00e4tt till.<\/p>\n","protected":false},"author":1,"featured_media":0,"parent":0,"menu_order":0,"comment_status":"closed","ping_status":"closed","template":"page-sitemap-template","meta":{"footnotes":""},"class_list":["post-151","page","type-page","status-publish","hentry"],"_links":{"self":[{"href":"https:\/\/programmering.gtg.se\/joris.derkintis\/index.php?rest_route=\/wp\/v2\/pages\/151","targetHints":{"allow":["GET"]}}],"collection":[{"href":"https:\/\/programmering.gtg.se\/joris.derkintis\/index.php?rest_route=\/wp\/v2\/pages"}],"about":[{"href":"https:\/\/programmering.gtg.se\/joris.derkintis\/index.php?rest_route=\/wp\/v2\/types\/page"}],"author":[{"embeddable":true,"href":"https:\/\/programmering.gtg.se\/joris.derkintis\/index.php?rest_route=\/wp\/v2\/users\/1"}],"replies":[{"embeddable":true,"href":"https:\/\/programmering.gtg.se\/joris.derkintis\/index.php?rest_route=%2Fwp%2Fv2%2Fcomments&post=151"}],"version-history":[{"count":1,"href":"https:\/\/programmering.gtg.se\/joris.derkintis\/index.php?rest_route=\/wp\/v2\/pages\/151\/revisions"}],"predecessor-version":[{"id":209,"href":"https:\/\/programmering.gtg.se\/joris.derkintis\/index.php?rest_route=\/wp\/v2\/pages\/151\/revisions\/209"}],"wp:attachment":[{"href":"https:\/\/programmering.gtg.se\/joris.derkintis\/index.php?rest_route=%2Fwp%2Fv2%2Fmedia&parent=151"}],"curies":[{"name":"wp","href":"https:\/\/api.w.org\/{rel}","templated":true}]}}