{"id":149,"date":"2025-06-16T14:14:15","date_gmt":"2025-06-16T12:14:15","guid":{"rendered":"https:\/\/programmering.gtg.se\/joris.derkintis\/?page_id=149"},"modified":"2025-06-16T14:14:15","modified_gmt":"2025-06-16T12:14:15","slug":"validering","status":"publish","type":"page","link":"https:\/\/programmering.gtg.se\/joris.derkintis\/?page_id=149","title":{"rendered":"Validering"},"content":{"rendered":"\n<p class=\"has-text-align-center has-light-color-color has-text-color has-link-color has-big-font-size wp-elements-4fd8fee63cf9216575707abd9e74ce15\"><strong>F\u00f6rklaring:<\/strong> Att validera inneb\u00e4r att du kontrollerar att koden (HTML\/CSS) f\u00f6ljer standarder.<br><strong>Exempel:<\/strong> Du kan anv\u00e4nda <a class=\"\" href=\"https:\/\/validator.w3.org\"><mark style=\"background-color:rgba(0, 0, 0, 0)\" class=\"has-inline-color has-primary-color\">validator.w3.org<\/mark><\/a> f\u00f6r att hitta fel.<\/p>\n","protected":false},"excerpt":{"rendered":"<p>F\u00f6rklaring: Att validera inneb\u00e4r att du kontrollerar att koden (HTML\/CSS) f\u00f6ljer standarder.Exempel: Du kan anv\u00e4nda validator.w3.org f\u00f6r att hitta fel.<\/p>\n","protected":false},"author":1,"featured_media":0,"parent":0,"menu_order":0,"comment_status":"closed","ping_status":"closed","template":"page-sitemap-template","meta":{"footnotes":""},"class_list":["post-149","page","type-page","status-publish","hentry"],"_links":{"self":[{"href":"https:\/\/programmering.gtg.se\/joris.derkintis\/index.php?rest_route=\/wp\/v2\/pages\/149","targetHints":{"allow":["GET"]}}],"collection":[{"href":"https:\/\/programmering.gtg.se\/joris.derkintis\/index.php?rest_route=\/wp\/v2\/pages"}],"about":[{"href":"https:\/\/programmering.gtg.se\/joris.derkintis\/index.php?rest_route=\/wp\/v2\/types\/page"}],"author":[{"embeddable":true,"href":"https:\/\/programmering.gtg.se\/joris.derkintis\/index.php?rest_route=\/wp\/v2\/users\/1"}],"replies":[{"embeddable":true,"href":"https:\/\/programmering.gtg.se\/joris.derkintis\/index.php?rest_route=%2Fwp%2Fv2%2Fcomments&post=149"}],"version-history":[{"count":1,"href":"https:\/\/programmering.gtg.se\/joris.derkintis\/index.php?rest_route=\/wp\/v2\/pages\/149\/revisions"}],"predecessor-version":[{"id":205,"href":"https:\/\/programmering.gtg.se\/joris.derkintis\/index.php?rest_route=\/wp\/v2\/pages\/149\/revisions\/205"}],"wp:attachment":[{"href":"https:\/\/programmering.gtg.se\/joris.derkintis\/index.php?rest_route=%2Fwp%2Fv2%2Fmedia&parent=149"}],"curies":[{"name":"wp","href":"https:\/\/api.w.org\/{rel}","templated":true}]}}