{"id":148,"date":"2025-06-16T14:06:43","date_gmt":"2025-06-16T12:06:43","guid":{"rendered":"https:\/\/programmering.gtg.se\/joris.derkintis\/?page_id=148"},"modified":"2025-06-16T14:06:43","modified_gmt":"2025-06-16T12:06:43","slug":"alt-text","status":"publish","type":"page","link":"https:\/\/programmering.gtg.se\/joris.derkintis\/?page_id=148","title":{"rendered":"Alt-text"},"content":{"rendered":"\n<p class=\"has-text-align-center has-light-color-color has-text-color has-link-color has-big-font-size wp-elements-da43223fc4ce5cbaa0e2318e341dcf7b\"><strong>F\u00f6rklaring:<\/strong> En alt-text beskriver en bild, s\u00e4rskilt f\u00f6r sk\u00e4rml\u00e4sare och om bilden inte laddar. Viktigt f\u00f6r tillg\u00e4nglighet och SEO.<br><strong>Exempel:<\/strong> <code>&lt;img src=\"katt.jpg\" alt=\"En svart katt p\u00e5 gr\u00e4set\"><\/code><\/p>\n","protected":false},"excerpt":{"rendered":"<p>F\u00f6rklaring: En alt-text beskriver en bild, s\u00e4rskilt f\u00f6r sk\u00e4rml\u00e4sare och om bilden inte laddar. Viktigt f\u00f6r tillg\u00e4nglighet och SEO.Exempel: &lt;img src=&#8221;katt.jpg&#8221; alt=&#8221;En svart katt p\u00e5 gr\u00e4set&#8221;><\/p>\n","protected":false},"author":1,"featured_media":0,"parent":0,"menu_order":0,"comment_status":"closed","ping_status":"closed","template":"page-sitemap-template","meta":{"footnotes":""},"class_list":["post-148","page","type-page","status-publish","hentry"],"_links":{"self":[{"href":"https:\/\/programmering.gtg.se\/joris.derkintis\/index.php?rest_route=\/wp\/v2\/pages\/148","targetHints":{"allow":["GET"]}}],"collection":[{"href":"https:\/\/programmering.gtg.se\/joris.derkintis\/index.php?rest_route=\/wp\/v2\/pages"}],"about":[{"href":"https:\/\/programmering.gtg.se\/joris.derkintis\/index.php?rest_route=\/wp\/v2\/types\/page"}],"author":[{"embeddable":true,"href":"https:\/\/programmering.gtg.se\/joris.derkintis\/index.php?rest_route=\/wp\/v2\/users\/1"}],"replies":[{"embeddable":true,"href":"https:\/\/programmering.gtg.se\/joris.derkintis\/index.php?rest_route=%2Fwp%2Fv2%2Fcomments&post=148"}],"version-history":[{"count":2,"href":"https:\/\/programmering.gtg.se\/joris.derkintis\/index.php?rest_route=\/wp\/v2\/pages\/148\/revisions"}],"predecessor-version":[{"id":204,"href":"https:\/\/programmering.gtg.se\/joris.derkintis\/index.php?rest_route=\/wp\/v2\/pages\/148\/revisions\/204"}],"wp:attachment":[{"href":"https:\/\/programmering.gtg.se\/joris.derkintis\/index.php?rest_route=%2Fwp%2Fv2%2Fmedia&parent=148"}],"curies":[{"name":"wp","href":"https:\/\/api.w.org\/{rel}","templated":true}]}}