{"id":147,"date":"2025-06-16T14:04:12","date_gmt":"2025-06-16T12:04:12","guid":{"rendered":"https:\/\/programmering.gtg.se\/joris.derkintis\/?page_id=147"},"modified":"2025-06-16T14:04:12","modified_gmt":"2025-06-16T12:04:12","slug":"seo","status":"publish","type":"page","link":"https:\/\/programmering.gtg.se\/joris.derkintis\/?page_id=147","title":{"rendered":"SEO"},"content":{"rendered":"\n<p class=\"has-text-align-center has-light-color-color has-text-color has-link-color has-big-font-size wp-elements-669bba8d7f45b60ab1fb854181ea1aec\"><strong>F\u00f6rklaring:<\/strong> SEO betyder att optimera din sida f\u00f6r att synas p\u00e5 Google. Du anv\u00e4nder titlar, beskrivningar, nyckelord osv.<br><strong>Exempel:<\/strong> En sida med titeln &#8220;Billiga skor i Stockholm&#8221; kan synas b\u00e4ttre i s\u00f6kresultat.<\/p>\n","protected":false},"excerpt":{"rendered":"<p>F\u00f6rklaring: SEO betyder att optimera din sida f\u00f6r att synas p\u00e5 Google. Du anv\u00e4nder titlar, beskrivningar, nyckelord osv.Exempel: En sida med titeln &#8220;Billiga skor i Stockholm&#8221; kan synas b\u00e4ttre i s\u00f6kresultat.<\/p>\n","protected":false},"author":1,"featured_media":0,"parent":0,"menu_order":0,"comment_status":"closed","ping_status":"closed","template":"page-sitemap-template","meta":{"footnotes":""},"class_list":["post-147","page","type-page","status-publish","hentry"],"_links":{"self":[{"href":"https:\/\/programmering.gtg.se\/joris.derkintis\/index.php?rest_route=\/wp\/v2\/pages\/147","targetHints":{"allow":["GET"]}}],"collection":[{"href":"https:\/\/programmering.gtg.se\/joris.derkintis\/index.php?rest_route=\/wp\/v2\/pages"}],"about":[{"href":"https:\/\/programmering.gtg.se\/joris.derkintis\/index.php?rest_route=\/wp\/v2\/types\/page"}],"author":[{"embeddable":true,"href":"https:\/\/programmering.gtg.se\/joris.derkintis\/index.php?rest_route=\/wp\/v2\/users\/1"}],"replies":[{"embeddable":true,"href":"https:\/\/programmering.gtg.se\/joris.derkintis\/index.php?rest_route=%2Fwp%2Fv2%2Fcomments&post=147"}],"version-history":[{"count":1,"href":"https:\/\/programmering.gtg.se\/joris.derkintis\/index.php?rest_route=\/wp\/v2\/pages\/147\/revisions"}],"predecessor-version":[{"id":202,"href":"https:\/\/programmering.gtg.se\/joris.derkintis\/index.php?rest_route=\/wp\/v2\/pages\/147\/revisions\/202"}],"wp:attachment":[{"href":"https:\/\/programmering.gtg.se\/joris.derkintis\/index.php?rest_route=%2Fwp%2Fv2%2Fmedia&parent=147"}],"curies":[{"name":"wp","href":"https:\/\/api.w.org\/{rel}","templated":true}]}}