{"id":144,"date":"2025-06-16T14:01:13","date_gmt":"2025-06-16T12:01:13","guid":{"rendered":"https:\/\/programmering.gtg.se\/joris.derkintis\/?page_id=144"},"modified":"2025-06-16T14:01:13","modified_gmt":"2025-06-16T12:01:13","slug":"plugin","status":"publish","type":"page","link":"https:\/\/programmering.gtg.se\/joris.derkintis\/?page_id=144","title":{"rendered":"Plugin"},"content":{"rendered":"\n<p class=\"has-text-align-center has-light-color-color has-text-color has-link-color has-big-font-size wp-elements-6a1ae250eb83be0ac6b4659b70fdc0ce\"><strong>F\u00f6rklaring:<\/strong> Ett plugin \u00e4r ett till\u00e4gg till t.ex. WordPress som l\u00e4gger till nya funktioner, som kontaktformul\u00e4r eller bildspel.<br><strong>Exempel:<\/strong> &#8220;Contact Form 7&#8221; \u00e4r ett plugin f\u00f6r kontaktformul\u00e4r.<\/p>\n","protected":false},"excerpt":{"rendered":"<p>F\u00f6rklaring: Ett plugin \u00e4r ett till\u00e4gg till t.ex. WordPress som l\u00e4gger till nya funktioner, som kontaktformul\u00e4r eller bildspel.Exempel: &#8220;Contact Form 7&#8221; \u00e4r ett plugin f\u00f6r kontaktformul\u00e4r.<\/p>\n","protected":false},"author":1,"featured_media":0,"parent":0,"menu_order":0,"comment_status":"closed","ping_status":"closed","template":"page-sitemap-template","meta":{"footnotes":""},"class_list":["post-144","page","type-page","status-publish","hentry"],"_links":{"self":[{"href":"https:\/\/programmering.gtg.se\/joris.derkintis\/index.php?rest_route=\/wp\/v2\/pages\/144","targetHints":{"allow":["GET"]}}],"collection":[{"href":"https:\/\/programmering.gtg.se\/joris.derkintis\/index.php?rest_route=\/wp\/v2\/pages"}],"about":[{"href":"https:\/\/programmering.gtg.se\/joris.derkintis\/index.php?rest_route=\/wp\/v2\/types\/page"}],"author":[{"embeddable":true,"href":"https:\/\/programmering.gtg.se\/joris.derkintis\/index.php?rest_route=\/wp\/v2\/users\/1"}],"replies":[{"embeddable":true,"href":"https:\/\/programmering.gtg.se\/joris.derkintis\/index.php?rest_route=%2Fwp%2Fv2%2Fcomments&post=144"}],"version-history":[{"count":1,"href":"https:\/\/programmering.gtg.se\/joris.derkintis\/index.php?rest_route=\/wp\/v2\/pages\/144\/revisions"}],"predecessor-version":[{"id":196,"href":"https:\/\/programmering.gtg.se\/joris.derkintis\/index.php?rest_route=\/wp\/v2\/pages\/144\/revisions\/196"}],"wp:attachment":[{"href":"https:\/\/programmering.gtg.se\/joris.derkintis\/index.php?rest_route=%2Fwp%2Fv2%2Fmedia&parent=144"}],"curies":[{"name":"wp","href":"https:\/\/api.w.org\/{rel}","templated":true}]}}