{"id":143,"date":"2025-06-16T13:57:55","date_gmt":"2025-06-16T11:57:55","guid":{"rendered":"https:\/\/programmering.gtg.se\/joris.derkintis\/?page_id=143"},"modified":"2025-06-16T13:58:43","modified_gmt":"2025-06-16T11:58:43","slug":"bug","status":"publish","type":"page","link":"https:\/\/programmering.gtg.se\/joris.derkintis\/?page_id=143","title":{"rendered":"Bug"},"content":{"rendered":"\n<p class=\"has-text-align-center has-light-color-color has-text-color has-link-color has-big-font-size wp-elements-d5c2b4396a35839c911272540c7a2042\"><strong>F\u00f6rklaring:<\/strong> En bug \u00e4r ett fel i koden som g\u00f6r att n\u00e5got inte fungerar som det ska.<br><strong>Exempel:<\/strong> En knapp som inte g\u00e5r att klicka p\u00e5 kan ha en bug i JavaScript.<\/p>\n","protected":false},"excerpt":{"rendered":"<p>F\u00f6rklaring: En bug \u00e4r ett fel i koden som g\u00f6r att n\u00e5got inte fungerar som det ska.Exempel: En knapp som inte g\u00e5r att klicka p\u00e5 kan ha en bug i JavaScript.<\/p>\n","protected":false},"author":1,"featured_media":0,"parent":0,"menu_order":0,"comment_status":"closed","ping_status":"closed","template":"page-sitemap-template","meta":{"footnotes":""},"class_list":["post-143","page","type-page","status-publish","hentry"],"_links":{"self":[{"href":"https:\/\/programmering.gtg.se\/joris.derkintis\/index.php?rest_route=\/wp\/v2\/pages\/143","targetHints":{"allow":["GET"]}}],"collection":[{"href":"https:\/\/programmering.gtg.se\/joris.derkintis\/index.php?rest_route=\/wp\/v2\/pages"}],"about":[{"href":"https:\/\/programmering.gtg.se\/joris.derkintis\/index.php?rest_route=\/wp\/v2\/types\/page"}],"author":[{"embeddable":true,"href":"https:\/\/programmering.gtg.se\/joris.derkintis\/index.php?rest_route=\/wp\/v2\/users\/1"}],"replies":[{"embeddable":true,"href":"https:\/\/programmering.gtg.se\/joris.derkintis\/index.php?rest_route=%2Fwp%2Fv2%2Fcomments&post=143"}],"version-history":[{"count":2,"href":"https:\/\/programmering.gtg.se\/joris.derkintis\/index.php?rest_route=\/wp\/v2\/pages\/143\/revisions"}],"predecessor-version":[{"id":188,"href":"https:\/\/programmering.gtg.se\/joris.derkintis\/index.php?rest_route=\/wp\/v2\/pages\/143\/revisions\/188"}],"wp:attachment":[{"href":"https:\/\/programmering.gtg.se\/joris.derkintis\/index.php?rest_route=%2Fwp%2Fv2%2Fmedia&parent=143"}],"curies":[{"name":"wp","href":"https:\/\/api.w.org\/{rel}","templated":true}]}}