{"id":142,"date":"2025-06-16T13:56:45","date_gmt":"2025-06-16T11:56:45","guid":{"rendered":"https:\/\/programmering.gtg.se\/joris.derkintis\/?page_id=142"},"modified":"2025-06-16T14:00:37","modified_gmt":"2025-06-16T12:00:37","slug":"responsiv-design","status":"publish","type":"page","link":"https:\/\/programmering.gtg.se\/joris.derkintis\/?page_id=142","title":{"rendered":"Responsiv Design"},"content":{"rendered":"\n<p class=\"has-text-align-center has-light-color-color has-text-color has-link-color has-big-font-size wp-elements-ed5ab318eebfb8d959146a60cc02f14a\"><strong>F\u00f6rklaring:<\/strong> En responsiv webbplats anpassar sig automatiskt till sk\u00e4rmens storlek, t.ex. mobil, surfplatta eller dator.<br><strong>Exempel:<\/strong> Menyn blir till en hamburgarmeny p\u00e5 mobil.<\/p>\n","protected":false},"excerpt":{"rendered":"<p>F\u00f6rklaring: En responsiv webbplats anpassar sig automatiskt till sk\u00e4rmens storlek, t.ex. mobil, surfplatta eller dator.Exempel: Menyn blir till en hamburgarmeny p\u00e5 mobil.<\/p>\n","protected":false},"author":1,"featured_media":0,"parent":0,"menu_order":0,"comment_status":"closed","ping_status":"closed","template":"page-sitemap-template","meta":{"footnotes":""},"class_list":["post-142","page","type-page","status-publish","hentry"],"_links":{"self":[{"href":"https:\/\/programmering.gtg.se\/joris.derkintis\/index.php?rest_route=\/wp\/v2\/pages\/142","targetHints":{"allow":["GET"]}}],"collection":[{"href":"https:\/\/programmering.gtg.se\/joris.derkintis\/index.php?rest_route=\/wp\/v2\/pages"}],"about":[{"href":"https:\/\/programmering.gtg.se\/joris.derkintis\/index.php?rest_route=\/wp\/v2\/types\/page"}],"author":[{"embeddable":true,"href":"https:\/\/programmering.gtg.se\/joris.derkintis\/index.php?rest_route=\/wp\/v2\/users\/1"}],"replies":[{"embeddable":true,"href":"https:\/\/programmering.gtg.se\/joris.derkintis\/index.php?rest_route=%2Fwp%2Fv2%2Fcomments&post=142"}],"version-history":[{"count":2,"href":"https:\/\/programmering.gtg.se\/joris.derkintis\/index.php?rest_route=\/wp\/v2\/pages\/142\/revisions"}],"predecessor-version":[{"id":195,"href":"https:\/\/programmering.gtg.se\/joris.derkintis\/index.php?rest_route=\/wp\/v2\/pages\/142\/revisions\/195"}],"wp:attachment":[{"href":"https:\/\/programmering.gtg.se\/joris.derkintis\/index.php?rest_route=%2Fwp%2Fv2%2Fmedia&parent=142"}],"curies":[{"name":"wp","href":"https:\/\/api.w.org\/{rel}","templated":true}]}}