{"id":141,"date":"2025-06-16T13:55:45","date_gmt":"2025-06-16T11:55:45","guid":{"rendered":"https:\/\/programmering.gtg.se\/joris.derkintis\/?page_id=141"},"modified":"2025-06-16T14:00:24","modified_gmt":"2025-06-16T12:00:24","slug":"cms","status":"publish","type":"page","link":"https:\/\/programmering.gtg.se\/joris.derkintis\/?page_id=141","title":{"rendered":"CMS"},"content":{"rendered":"\n<p class=\"has-text-align-center has-light-color-color has-text-color has-link-color has-big-font-size wp-elements-d9e7cb4a3c8d0b3fd22d1abbd3704978\"><strong>F\u00f6rklaring:<\/strong> CMS (Content Management System) l\u00e5ter dig skapa och uppdatera hemsidor utan att programmera. WordPress \u00e4r ett exempel.<br><strong>Exempel:<\/strong> I WordPress kan du l\u00e4gga in bilder, text och sidor direkt.<\/p>\n","protected":false},"excerpt":{"rendered":"<p>F\u00f6rklaring: CMS (Content Management System) l\u00e5ter dig skapa och uppdatera hemsidor utan att programmera. WordPress \u00e4r ett exempel.Exempel: I WordPress kan du l\u00e4gga in bilder, text och sidor direkt.<\/p>\n","protected":false},"author":1,"featured_media":0,"parent":0,"menu_order":0,"comment_status":"closed","ping_status":"closed","template":"page-sitemap-template","meta":{"footnotes":""},"class_list":["post-141","page","type-page","status-publish","hentry"],"_links":{"self":[{"href":"https:\/\/programmering.gtg.se\/joris.derkintis\/index.php?rest_route=\/wp\/v2\/pages\/141","targetHints":{"allow":["GET"]}}],"collection":[{"href":"https:\/\/programmering.gtg.se\/joris.derkintis\/index.php?rest_route=\/wp\/v2\/pages"}],"about":[{"href":"https:\/\/programmering.gtg.se\/joris.derkintis\/index.php?rest_route=\/wp\/v2\/types\/page"}],"author":[{"embeddable":true,"href":"https:\/\/programmering.gtg.se\/joris.derkintis\/index.php?rest_route=\/wp\/v2\/users\/1"}],"replies":[{"embeddable":true,"href":"https:\/\/programmering.gtg.se\/joris.derkintis\/index.php?rest_route=%2Fwp%2Fv2%2Fcomments&post=141"}],"version-history":[{"count":2,"href":"https:\/\/programmering.gtg.se\/joris.derkintis\/index.php?rest_route=\/wp\/v2\/pages\/141\/revisions"}],"predecessor-version":[{"id":194,"href":"https:\/\/programmering.gtg.se\/joris.derkintis\/index.php?rest_route=\/wp\/v2\/pages\/141\/revisions\/194"}],"wp:attachment":[{"href":"https:\/\/programmering.gtg.se\/joris.derkintis\/index.php?rest_route=%2Fwp%2Fv2%2Fmedia&parent=141"}],"curies":[{"name":"wp","href":"https:\/\/api.w.org\/{rel}","templated":true}]}}