{"id":140,"date":"2025-06-16T13:54:27","date_gmt":"2025-06-16T11:54:27","guid":{"rendered":"https:\/\/programmering.gtg.se\/joris.derkintis\/?page_id=140"},"modified":"2025-06-16T14:00:08","modified_gmt":"2025-06-16T12:00:08","slug":"url","status":"publish","type":"page","link":"https:\/\/programmering.gtg.se\/joris.derkintis\/?page_id=140","title":{"rendered":"URL"},"content":{"rendered":"\n<p class=\"has-text-align-center has-light-color-color has-text-color has-link-color has-big-font-size wp-elements-d7a05e5cf3461468f4655578130c5eb1\"><strong>F\u00f6rklaring:<\/strong> En URL \u00e4r hela webbadressen till en sida, t.ex. <code>https:\/\/skola.se\/kontakt<\/code>. Den visar v\u00e4gen till exakt r\u00e4tt sida.<br><strong>Exempel:<\/strong> Om du klickar p\u00e5 &#8220;Kontakt&#8221;, g\u00e5r URL:en till <code>...\/kontakt<\/code>.<\/p>\n","protected":false},"excerpt":{"rendered":"<p>F\u00f6rklaring: En URL \u00e4r hela webbadressen till en sida, t.ex. https:\/\/skola.se\/kontakt. Den visar v\u00e4gen till exakt r\u00e4tt sida.Exempel: Om du klickar p\u00e5 &#8220;Kontakt&#8221;, g\u00e5r URL:en till &#8230;\/kontakt.<\/p>\n","protected":false},"author":1,"featured_media":0,"parent":0,"menu_order":0,"comment_status":"closed","ping_status":"closed","template":"page-sitemap-template","meta":{"footnotes":""},"class_list":["post-140","page","type-page","status-publish","hentry"],"_links":{"self":[{"href":"https:\/\/programmering.gtg.se\/joris.derkintis\/index.php?rest_route=\/wp\/v2\/pages\/140","targetHints":{"allow":["GET"]}}],"collection":[{"href":"https:\/\/programmering.gtg.se\/joris.derkintis\/index.php?rest_route=\/wp\/v2\/pages"}],"about":[{"href":"https:\/\/programmering.gtg.se\/joris.derkintis\/index.php?rest_route=\/wp\/v2\/types\/page"}],"author":[{"embeddable":true,"href":"https:\/\/programmering.gtg.se\/joris.derkintis\/index.php?rest_route=\/wp\/v2\/users\/1"}],"replies":[{"embeddable":true,"href":"https:\/\/programmering.gtg.se\/joris.derkintis\/index.php?rest_route=%2Fwp%2Fv2%2Fcomments&post=140"}],"version-history":[{"count":2,"href":"https:\/\/programmering.gtg.se\/joris.derkintis\/index.php?rest_route=\/wp\/v2\/pages\/140\/revisions"}],"predecessor-version":[{"id":193,"href":"https:\/\/programmering.gtg.se\/joris.derkintis\/index.php?rest_route=\/wp\/v2\/pages\/140\/revisions\/193"}],"wp:attachment":[{"href":"https:\/\/programmering.gtg.se\/joris.derkintis\/index.php?rest_route=%2Fwp%2Fv2%2Fmedia&parent=140"}],"curies":[{"name":"wp","href":"https:\/\/api.w.org\/{rel}","templated":true}]}}