{"id":138,"date":"2025-06-16T13:51:44","date_gmt":"2025-06-16T11:51:44","guid":{"rendered":"https:\/\/programmering.gtg.se\/joris.derkintis\/?page_id=138"},"modified":"2025-06-16T13:59:36","modified_gmt":"2025-06-16T11:59:36","slug":"javascript","status":"publish","type":"page","link":"https:\/\/programmering.gtg.se\/joris.derkintis\/?page_id=138","title":{"rendered":"JavaScript"},"content":{"rendered":"\n<p class=\"has-text-align-center has-light-color-color has-text-color has-link-color has-big-font-size wp-elements-6cfce32954085ad115aa0c096af8fc61\"><strong>F\u00f6rklaring:<\/strong> JavaScript \u00e4r ett spr\u00e5k som g\u00f6r webbsidor interaktiva \u2013 t.ex. knappar som g\u00e5r att klicka p\u00e5, menyer som \u00f6ppnas eller bildspel.<br><strong>Exempel:<\/strong> N\u00e4r du klickar p\u00e5 en menyknapp och den \u00f6ppnar sig = JavaScript.<\/p>\n","protected":false},"excerpt":{"rendered":"<p>F\u00f6rklaring: JavaScript \u00e4r ett spr\u00e5k som g\u00f6r webbsidor interaktiva \u2013 t.ex. knappar som g\u00e5r att klicka p\u00e5, menyer som \u00f6ppnas eller bildspel.Exempel: N\u00e4r du klickar p\u00e5 en menyknapp och den \u00f6ppnar sig = JavaScript.<\/p>\n","protected":false},"author":1,"featured_media":0,"parent":0,"menu_order":0,"comment_status":"closed","ping_status":"closed","template":"page-sitemap-template","meta":{"footnotes":""},"class_list":["post-138","page","type-page","status-publish","hentry"],"_links":{"self":[{"href":"https:\/\/programmering.gtg.se\/joris.derkintis\/index.php?rest_route=\/wp\/v2\/pages\/138","targetHints":{"allow":["GET"]}}],"collection":[{"href":"https:\/\/programmering.gtg.se\/joris.derkintis\/index.php?rest_route=\/wp\/v2\/pages"}],"about":[{"href":"https:\/\/programmering.gtg.se\/joris.derkintis\/index.php?rest_route=\/wp\/v2\/types\/page"}],"author":[{"embeddable":true,"href":"https:\/\/programmering.gtg.se\/joris.derkintis\/index.php?rest_route=\/wp\/v2\/users\/1"}],"replies":[{"embeddable":true,"href":"https:\/\/programmering.gtg.se\/joris.derkintis\/index.php?rest_route=%2Fwp%2Fv2%2Fcomments&post=138"}],"version-history":[{"count":2,"href":"https:\/\/programmering.gtg.se\/joris.derkintis\/index.php?rest_route=\/wp\/v2\/pages\/138\/revisions"}],"predecessor-version":[{"id":191,"href":"https:\/\/programmering.gtg.se\/joris.derkintis\/index.php?rest_route=\/wp\/v2\/pages\/138\/revisions\/191"}],"wp:attachment":[{"href":"https:\/\/programmering.gtg.se\/joris.derkintis\/index.php?rest_route=%2Fwp%2Fv2%2Fmedia&parent=138"}],"curies":[{"name":"wp","href":"https:\/\/api.w.org\/{rel}","templated":true}]}}