{"id":137,"date":"2025-06-16T13:44:29","date_gmt":"2025-06-16T11:44:29","guid":{"rendered":"https:\/\/programmering.gtg.se\/joris.derkintis\/?page_id=137"},"modified":"2025-06-16T13:59:21","modified_gmt":"2025-06-16T11:59:21","slug":"css","status":"publish","type":"page","link":"https:\/\/programmering.gtg.se\/joris.derkintis\/?page_id=137","title":{"rendered":"CSS"},"content":{"rendered":"\n<p class=\"has-text-align-center has-light-color-color has-text-color has-link-color has-big-font-size wp-elements-2acff57e9ff2cee7392b8fcc10c9354a\"><strong>F\u00f6rklaring:<\/strong> CSS best\u00e4mmer hur HTML-element ska se ut. Du anv\u00e4nder det f\u00f6r f\u00e4rg, typsnitt, layout och mycket mer.<br><strong>Exempel:<\/strong> <code>h1 { color: red; }<\/code> g\u00f6r rubriken r\u00f6d.<\/p>\n","protected":false},"excerpt":{"rendered":"<p>F\u00f6rklaring: CSS best\u00e4mmer hur HTML-element ska se ut. Du anv\u00e4nder det f\u00f6r f\u00e4rg, typsnitt, layout och mycket mer.Exempel: h1 { color: red; } g\u00f6r rubriken r\u00f6d.<\/p>\n","protected":false},"author":1,"featured_media":0,"parent":0,"menu_order":0,"comment_status":"closed","ping_status":"closed","template":"page-sitemap-template","meta":{"footnotes":""},"class_list":["post-137","page","type-page","status-publish","hentry"],"_links":{"self":[{"href":"https:\/\/programmering.gtg.se\/joris.derkintis\/index.php?rest_route=\/wp\/v2\/pages\/137","targetHints":{"allow":["GET"]}}],"collection":[{"href":"https:\/\/programmering.gtg.se\/joris.derkintis\/index.php?rest_route=\/wp\/v2\/pages"}],"about":[{"href":"https:\/\/programmering.gtg.se\/joris.derkintis\/index.php?rest_route=\/wp\/v2\/types\/page"}],"author":[{"embeddable":true,"href":"https:\/\/programmering.gtg.se\/joris.derkintis\/index.php?rest_route=\/wp\/v2\/users\/1"}],"replies":[{"embeddable":true,"href":"https:\/\/programmering.gtg.se\/joris.derkintis\/index.php?rest_route=%2Fwp%2Fv2%2Fcomments&post=137"}],"version-history":[{"count":2,"href":"https:\/\/programmering.gtg.se\/joris.derkintis\/index.php?rest_route=\/wp\/v2\/pages\/137\/revisions"}],"predecessor-version":[{"id":190,"href":"https:\/\/programmering.gtg.se\/joris.derkintis\/index.php?rest_route=\/wp\/v2\/pages\/137\/revisions\/190"}],"wp:attachment":[{"href":"https:\/\/programmering.gtg.se\/joris.derkintis\/index.php?rest_route=%2Fwp%2Fv2%2Fmedia&parent=137"}],"curies":[{"name":"wp","href":"https:\/\/api.w.org\/{rel}","templated":true}]}}