{"id":136,"date":"2025-06-16T13:31:01","date_gmt":"2025-06-16T11:31:01","guid":{"rendered":"https:\/\/programmering.gtg.se\/joris.derkintis\/?page_id=136"},"modified":"2025-06-16T13:59:09","modified_gmt":"2025-06-16T11:59:09","slug":"html","status":"publish","type":"page","link":"https:\/\/programmering.gtg.se\/joris.derkintis\/?page_id=136","title":{"rendered":"HTML"},"content":{"rendered":"\n<p class=\"has-text-align-center has-light-color-color has-text-color has-link-color has-big-font-size wp-elements-f1cc12df5c3561230653865944ab716b\"><strong>F\u00f6rklaring:<\/strong> HTML \u00e4r spr\u00e5ket som anv\u00e4nds f\u00f6r att bygga upp inneh\u00e5llet p\u00e5 en webbsida. Det skapar struktur med rubriker, text, l\u00e4nkar och bilder.<br><strong>Exempel:<\/strong> <code>&lt;h1>V\u00e4lkommen!&lt;\/h1><\/code> visar en stor rubrik p\u00e5 sidan.<\/p>\n","protected":false},"excerpt":{"rendered":"<p>F\u00f6rklaring: HTML \u00e4r spr\u00e5ket som anv\u00e4nds f\u00f6r att bygga upp inneh\u00e5llet p\u00e5 en webbsida. Det skapar struktur med rubriker, text, l\u00e4nkar och bilder.Exempel: &lt;h1>V\u00e4lkommen!&lt;\/h1> visar en stor rubrik p\u00e5 sidan.<\/p>\n","protected":false},"author":1,"featured_media":0,"parent":0,"menu_order":0,"comment_status":"closed","ping_status":"closed","template":"page-sitemap-template","meta":{"footnotes":""},"class_list":["post-136","page","type-page","status-publish","hentry"],"_links":{"self":[{"href":"https:\/\/programmering.gtg.se\/joris.derkintis\/index.php?rest_route=\/wp\/v2\/pages\/136","targetHints":{"allow":["GET"]}}],"collection":[{"href":"https:\/\/programmering.gtg.se\/joris.derkintis\/index.php?rest_route=\/wp\/v2\/pages"}],"about":[{"href":"https:\/\/programmering.gtg.se\/joris.derkintis\/index.php?rest_route=\/wp\/v2\/types\/page"}],"author":[{"embeddable":true,"href":"https:\/\/programmering.gtg.se\/joris.derkintis\/index.php?rest_route=\/wp\/v2\/users\/1"}],"replies":[{"embeddable":true,"href":"https:\/\/programmering.gtg.se\/joris.derkintis\/index.php?rest_route=%2Fwp%2Fv2%2Fcomments&post=136"}],"version-history":[{"count":3,"href":"https:\/\/programmering.gtg.se\/joris.derkintis\/index.php?rest_route=\/wp\/v2\/pages\/136\/revisions"}],"predecessor-version":[{"id":189,"href":"https:\/\/programmering.gtg.se\/joris.derkintis\/index.php?rest_route=\/wp\/v2\/pages\/136\/revisions\/189"}],"wp:attachment":[{"href":"https:\/\/programmering.gtg.se\/joris.derkintis\/index.php?rest_route=%2Fwp%2Fv2%2Fmedia&parent=136"}],"curies":[{"name":"wp","href":"https:\/\/api.w.org\/{rel}","templated":true}]}}