{"id":1755,"date":"2025-06-13T07:21:11","date_gmt":"2025-06-13T07:21:11","guid":{"rendered":"https:\/\/programmering.gtg.se\/arvid.cambert\/?page_id=1755"},"modified":"2025-06-13T07:21:11","modified_gmt":"2025-06-13T07:21:11","slug":"mer-om-mig","status":"publish","type":"page","link":"https:\/\/programmering.gtg.se\/arvid.cambert\/index.php\/mer-om-mig\/","title":{"rendered":"Mer om mig"},"content":{"rendered":"\n<h2 class=\"wp-block-heading\">Lite mer om mig<\/h2>\n\n\n\n<div class=\"wp-block-group is-layout-constrained wp-block-group-is-layout-constrained\">\n<h4 class=\"wp-block-heading\">Mina v\u00e4rderingar<\/h4>\n\n\n\n<ul class=\"wp-block-list\">\n<li>Integritet<\/li>\n\n\n\n<li>\u00c4rlighet<\/li>\n\n\n\n<li>H\u00e4lsa<\/li>\n\n\n\n<li>Intelligens<\/li>\n<\/ul>\n<\/div>\n\n\n\n<div class=\"wp-block-group is-layout-constrained wp-block-group-is-layout-constrained\">\n<h4 class=\"wp-block-heading\">Fritid<\/h4>\n\n\n\n<p>Min fritid spenderar jag p\u00e5 dataspel \u2014Vilket jag har <em>ganska<\/em> h\u00f6g rank i\u2014 och gymmet \u2014N\u00e4r jag k\u00e4nner f\u00f6r det\u2014.<\/p>\n\n\n\n<p class=\"has-text-align-left\">Jag \u00e4r <strong>inte<\/strong> koffein beroende och jag kan sluta n\u00e4r jag vill&#8230; \u2014Jag konsumerar en medel av 320 mg koffein dagligen och 480 mg p\u00e5 helgdagar\u2014 <\/p>\n<\/div>\n","protected":false},"excerpt":{"rendered":"<p>Lite mer om mig Mina v\u00e4rderingar Fritid Min fritid spenderar jag p\u00e5 dataspel \u2014Vilket jag har ganska h\u00f6g rank i\u2014 och gymmet \u2014N\u00e4r jag k\u00e4nner f\u00f6r det\u2014. Jag \u00e4r inte koffein beroende och jag kan sluta n\u00e4r jag vill&#8230; \u2014Jag konsumerar en medel av 320 mg koffein dagligen och 480 mg p\u00e5 helgdagar\u2014<\/p>\n","protected":false},"author":1,"featured_media":0,"parent":0,"menu_order":0,"comment_status":"closed","ping_status":"closed","template":"","meta":{"site-sidebar-layout":"default","site-content-layout":"","ast-site-content-layout":"default","site-content-style":"default","site-sidebar-style":"default","ast-global-header-display":"","ast-banner-title-visibility":"","ast-main-header-display":"","ast-hfb-above-header-display":"","ast-hfb-below-header-display":"","ast-hfb-mobile-header-display":"","site-post-title":"disabled","ast-breadcrumbs-content":"","ast-featured-img":"","footer-sml-layout":"","theme-transparent-header-meta":"","adv-header-id-meta":"","stick-header-meta":"","header-above-stick-meta":"","header-main-stick-meta":"","header-below-stick-meta":"","astra-migrate-meta-layouts":"set","ast-page-background-enabled":"default","ast-page-background-meta":{"desktop":{"background-color":"","background-image":"","background-repeat":"repeat","background-position":"center center","background-size":"auto","background-attachment":"scroll","background-type":"","background-media":"","overlay-type":"","overlay-color":"","overlay-opacity":"","overlay-gradient":""},"tablet":{"background-color":"","background-image":"","background-repeat":"repeat","background-position":"center center","background-size":"auto","background-attachment":"scroll","background-type":"","background-media":"","overlay-type":"","overlay-color":"","overlay-opacity":"","overlay-gradient":""},"mobile":{"background-color":"","background-image":"","background-repeat":"repeat","background-position":"center center","background-size":"auto","background-attachment":"scroll","background-type":"","background-media":"","overlay-type":"","overlay-color":"","overlay-opacity":"","overlay-gradient":""}},"ast-content-background-meta":{"desktop":{"background-color":"var(--ast-global-color-5)","background-image":"","background-repeat":"repeat","background-position":"center center","background-size":"auto","background-attachment":"scroll","background-type":"","background-media":"","overlay-type":"","overlay-color":"","overlay-opacity":"","overlay-gradient":""},"tablet":{"background-color":"var(--ast-global-color-5)","background-image":"","background-repeat":"repeat","background-position":"center center","background-size":"auto","background-attachment":"scroll","background-type":"","background-media":"","overlay-type":"","overlay-color":"","overlay-opacity":"","overlay-gradient":""},"mobile":{"background-color":"var(--ast-global-color-5)","background-image":"","background-repeat":"repeat","background-position":"center center","background-size":"auto","background-attachment":"scroll","background-type":"","background-media":"","overlay-type":"","overlay-color":"","overlay-opacity":"","overlay-gradient":""}},"footnotes":""},"class_list":["post-1755","page","type-page","status-publish","hentry"],"_links":{"self":[{"href":"https:\/\/programmering.gtg.se\/arvid.cambert\/index.php\/wp-json\/wp\/v2\/pages\/1755","targetHints":{"allow":["GET"]}}],"collection":[{"href":"https:\/\/programmering.gtg.se\/arvid.cambert\/index.php\/wp-json\/wp\/v2\/pages"}],"about":[{"href":"https:\/\/programmering.gtg.se\/arvid.cambert\/index.php\/wp-json\/wp\/v2\/types\/page"}],"author":[{"embeddable":true,"href":"https:\/\/programmering.gtg.se\/arvid.cambert\/index.php\/wp-json\/wp\/v2\/users\/1"}],"replies":[{"embeddable":true,"href":"https:\/\/programmering.gtg.se\/arvid.cambert\/index.php\/wp-json\/wp\/v2\/comments?post=1755"}],"version-history":[{"count":1,"href":"https:\/\/programmering.gtg.se\/arvid.cambert\/index.php\/wp-json\/wp\/v2\/pages\/1755\/revisions"}],"predecessor-version":[{"id":1758,"href":"https:\/\/programmering.gtg.se\/arvid.cambert\/index.php\/wp-json\/wp\/v2\/pages\/1755\/revisions\/1758"}],"wp:attachment":[{"href":"https:\/\/programmering.gtg.se\/arvid.cambert\/index.php\/wp-json\/wp\/v2\/media?parent=1755"}],"curies":[{"name":"wp","href":"https:\/\/api.w.org\/{rel}","templated":true}]}}