{"id":73,"date":"2025-06-13T10:59:19","date_gmt":"2025-06-13T08:59:19","guid":{"rendered":"https:\/\/programmering.gtg.se\/alexander.nihtila\/?page_id=73"},"modified":"2025-06-17T23:13:50","modified_gmt":"2025-06-17T21:13:50","slug":"om-mig","status":"publish","type":"page","link":"https:\/\/programmering.gtg.se\/alexander.nihtila\/?page_id=73","title":{"rendered":"Om mig"},"content":{"rendered":"\n<p>Hej, jag heter Alexander och \u00e4r 17 \u00e5r som g\u00e5r p\u00e5 GTG. Jag gillar att tr\u00e4na och att kolla p\u00e5 fotboll.<\/p>\n\n\n\n<p>.<\/p>\n","protected":false},"excerpt":{"rendered":"<p>Hej, jag heter Alexander och \u00e4r 17 \u00e5r som g\u00e5r p\u00e5 GTG. Jag gillar att tr\u00e4na och att kolla p\u00e5 fotboll. .<\/p>\n","protected":false},"author":1,"featured_media":0,"parent":0,"menu_order":0,"comment_status":"closed","ping_status":"closed","template":"","meta":{"footnotes":""},"class_list":["post-73","page","type-page","status-publish","hentry"],"_links":{"self":[{"href":"https:\/\/programmering.gtg.se\/alexander.nihtila\/index.php?rest_route=\/wp\/v2\/pages\/73","targetHints":{"allow":["GET"]}}],"collection":[{"href":"https:\/\/programmering.gtg.se\/alexander.nihtila\/index.php?rest_route=\/wp\/v2\/pages"}],"about":[{"href":"https:\/\/programmering.gtg.se\/alexander.nihtila\/index.php?rest_route=\/wp\/v2\/types\/page"}],"author":[{"embeddable":true,"href":"https:\/\/programmering.gtg.se\/alexander.nihtila\/index.php?rest_route=\/wp\/v2\/users\/1"}],"replies":[{"embeddable":true,"href":"https:\/\/programmering.gtg.se\/alexander.nihtila\/index.php?rest_route=%2Fwp%2Fv2%2Fcomments&post=73"}],"version-history":[{"count":3,"href":"https:\/\/programmering.gtg.se\/alexander.nihtila\/index.php?rest_route=\/wp\/v2\/pages\/73\/revisions"}],"predecessor-version":[{"id":78,"href":"https:\/\/programmering.gtg.se\/alexander.nihtila\/index.php?rest_route=\/wp\/v2\/pages\/73\/revisions\/78"}],"wp:attachment":[{"href":"https:\/\/programmering.gtg.se\/alexander.nihtila\/index.php?rest_route=%2Fwp%2Fv2%2Fmedia&parent=73"}],"curies":[{"name":"wp","href":"https:\/\/api.w.org\/{rel}","templated":true}]}}